{"id":6100,"date":"2015-08-23T14:56:18","date_gmt":"2015-08-23T13:56:18","guid":{"rendered":"http:\/\/www.zelezarny.cz\/en\/?page_id=6100"},"modified":"2021-07-08T17:52:19","modified_gmt":"2021-07-08T15:52:19","slug":"products","status":"publish","type":"page","link":"https:\/\/www.zelezarny.cz\/en\/products\/","title":{"rendered":"Products"},"content":{"rendered":"[mk_page_section bg_image=&#8221;\/wp-content\/uploads\/2015\/08\/bg-produkty.jpg&#8221; bg_repeat=&#8221;no-repeat&#8221; min_height=&#8221;250&#8243; padding_top=&#8221;200&#8243; padding_bottom=&#8221;0&#8243; margin_bottom=&#8221;25&#8243; el_class=&#8221;zahlavi-obrazek&#8221; first_page=&#8221;false&#8221; last_page=&#8221;false&#8221; sidebar=&#8221;sidebar-1&#8243;][vc_column][mk_fancy_title tag_name=&#8221;h1&#8243; color=&#8221;#ffffff&#8221; size=&#8221;60&#8243; font_weight=&#8221;900&#8243; font_style=&#8221;normal&#8221; txt_transform=&#8221;uppercase&#8221; margin_bottom=&#8221;40&#8243; font_family=&#8221;none&#8221; align=&#8221;center&#8221; el_class=&#8221;CoreSansA75ExtraBold&#8221;]\n<p>Products<\/p>\n[\/mk_fancy_title][\/vc_column][\/mk_page_section][vc_row][vc_column width=&#8221;1\/6&#8243;][vc_column_text]\n[\/vc_column_text][\/vc_column][vc_column width=&#8221;2\/3&#8243;][mk_fancy_title tag_name=&#8221;h3&#8243; color=&#8221;#f33f00&#8243; size=&#8221;28&#8243; font_weight=&#8221;normal&#8221; font_style=&#8221;inhert&#8221; margin_top=&#8221;25&#8243; margin_bottom=&#8221;0&#8243; font_family=&#8221;none&#8221; align=&#8221;center&#8221;]\n<p>We produce castings of grey cast iron, nodular cast iron and aluminium. We also provide for the manufacture of patterns, machining, painting and heat treatment. Our typical products include electric-motor housings and endshields, gearbox housings, bodies and part of pumps, machine components etc.<\/p>\n[\/mk_fancy_title][mk_padding_divider][vc_column_text]\n[\/vc_column_text][\/vc_column][vc_column width=&#8221;1\/6&#8243;][vc_column_text]\n[\/vc_column_text][\/vc_column][\/vc_row][vc_row padding=&#8221;0&#8243;][vc_column width=&#8221;1\/4&#8243;][mk_image src=&#8221;\/wp-content\/uploads\/2015\/08\/produkt1-800.png&#8221; image_width=&#8221;200&#8243; image_height=&#8221;180&#8243; crop=&#8221;false&#8221;][\/vc_column][vc_column width=&#8221;3\/4&#8243;][mk_fancy_title color=&#8221;#dd3333&#8243; size=&#8221;28&#8243; font_style=&#8221;inhert&#8221; margin_bottom=&#8221;18&#8243; font_family=&#8221;none&#8221;]\n<p>Stator frame (CASSA B3 B5C 400)<\/p>\n[\/mk_fancy_title][vc_column_text]Material: EN-GJS-400-15<br \/>\nWeight: 898 kg[\/vc_column_text][\/vc_column][\/vc_row][vc_row padding=&#8221;0&#8243;][vc_column][mk_divider style=&#8221;thin_solid&#8221; margin_bottom=&#8221;60&#8243;][\/vc_column][\/vc_row][vc_row padding=&#8221;0&#8243;][vc_column width=&#8221;1\/4&#8243;][mk_image src=&#8221;\/wp-content\/uploads\/2015\/08\/produkt2-800.png&#8221; image_width=&#8221;200&#8243; image_height=&#8221;180&#8243; crop=&#8221;false&#8221;][\/vc_column][vc_column width=&#8221;3\/4&#8243;][mk_fancy_title color=&#8221;#dd3333&#8243; size=&#8221;28&#8243; font_style=&#8221;inhert&#8221; margin_bottom=&#8221;18&#8243; font_family=&#8221;none&#8221;]\n<p>Upper semihousing HDP 140<\/p>\n[\/mk_fancy_title][vc_column_text]Material: EN-GJS-400-15<br \/>\nWeight: 606 kg[\/vc_column_text][\/vc_column][\/vc_row][vc_row padding=&#8221;0&#8243;][vc_column][mk_divider style=&#8221;thin_solid&#8221; margin_bottom=&#8221;60&#8243;][\/vc_column][\/vc_row][vc_row padding=&#8221;0&#8243;][vc_column width=&#8221;1\/4&#8243;][mk_image src=&#8221;\/wp-content\/uploads\/2015\/08\/produkt2-800.png&#8221; image_width=&#8221;200&#8243; image_height=&#8221;180&#8243; crop=&#8221;false&#8221;][\/vc_column][vc_column width=&#8221;3\/4&#8243;][mk_fancy_title color=&#8221;#dd3333&#8243; size=&#8221;28&#8243; font_style=&#8221;inhert&#8221; margin_bottom=&#8221;18&#8243; font_family=&#8221;none&#8221;]\n<p>Lower semihousing HDP 140<\/p>\n[\/mk_fancy_title][vc_column_text]Material: EN-GJS-400-15<br \/>\nWeight: 552 kg[\/vc_column_text][\/vc_column][\/vc_row][vc_row padding=&#8221;0&#8243;][vc_column][mk_divider style=&#8221;thin_solid&#8221; margin_bottom=&#8221;60&#8243;][\/vc_column][\/vc_row][vc_row padding=&#8221;0&#8243;][vc_column width=&#8221;1\/4&#8243;][mk_image src=&#8221;\/wp-content\/uploads\/2015\/08\/produkt3-800.png&#8221; image_width=&#8221;200&#8243; image_height=&#8221;180&#8243; crop=&#8221;false&#8221;][\/vc_column][vc_column width=&#8221;3\/4&#8243;][mk_fancy_title color=&#8221;#dd3333&#8243; size=&#8221;28&#8243; font_style=&#8221;inhert&#8221; margin_bottom=&#8221;18&#8243; font_family=&#8221;none&#8221;]\n<p>Flanschkrummer DN600<\/p>\n[\/mk_fancy_title][vc_column_text]Material: EN-GJL-250<br \/>\nWeight: 1049 kg[\/vc_column_text][\/vc_column][\/vc_row][vc_row padding=&#8221;0&#8243;][vc_column][mk_divider style=&#8221;thin_solid&#8221; margin_bottom=&#8221;60&#8243;][\/vc_column][\/vc_row][vc_row padding=&#8221;0&#8243;][vc_column width=&#8221;1\/4&#8243;][mk_image src=&#8221;\/wp-content\/uploads\/2015\/08\/produkt4-800.png&#8221; image_width=&#8221;200&#8243; image_height=&#8221;180&#8243; crop=&#8221;false&#8221;][\/vc_column][vc_column width=&#8221;3\/4&#8243;][mk_fancy_title color=&#8221;#dd3333&#8243; size=&#8221;28&#8243; font_style=&#8221;inhert&#8221; margin_bottom=&#8221;18&#8243; font_family=&#8221;none&#8221;]\n<p>Stator frame<\/p>\n[\/mk_fancy_title][vc_column_text]Material: EN-GJL-200<br \/>\nWeight: 1250 kg[\/vc_column_text][\/vc_column][\/vc_row][vc_row padding=&#8221;0&#8243;][vc_column][mk_divider style=&#8221;thin_solid&#8221; margin_bottom=&#8221;60&#8243;][\/vc_column][\/vc_row][vc_row padding=&#8221;0&#8243;][vc_column width=&#8221;1\/4&#8243;][mk_image src=&#8221;\/wp-content\/uploads\/2015\/08\/produkt5-800.png&#8221; image_width=&#8221;200&#8243; image_height=&#8221;180&#8243; crop=&#8221;false&#8221;][\/vc_column][vc_column width=&#8221;3\/4&#8243;][mk_fancy_title color=&#8221;#dd3333&#8243; size=&#8221;28&#8243; font_style=&#8221;inhert&#8221; margin_bottom=&#8221;18&#8243; font_family=&#8221;none&#8221;]\n<p>Leitschaufelgehause P700-470<\/p>\n[\/mk_fancy_title][vc_column_text]Material: EN-GJL-200<br \/>\nWeight: 186 kg[\/vc_column_text][\/vc_column][\/vc_row][vc_row padding=&#8221;0&#8243;][vc_column][mk_divider style=&#8221;thin_solid&#8221; margin_bottom=&#8221;60&#8243;][\/vc_column][\/vc_row][vc_row padding=&#8221;0&#8243;][vc_column width=&#8221;1\/4&#8243;][mk_image src=&#8221;\/wp-content\/uploads\/2015\/08\/produkt6-800.png&#8221; image_width=&#8221;200&#8243; image_height=&#8221;180&#8243; crop=&#8221;false&#8221;][\/vc_column][vc_column width=&#8221;3\/4&#8243;][mk_fancy_title color=&#8221;#dd3333&#8243; size=&#8221;28&#8243; font_style=&#8221;inhert&#8221; margin_bottom=&#8221;18&#8243; font_family=&#8221;none&#8221;]\n<p>Baugrose 315<\/p>\n[\/mk_fancy_title][vc_column_text]Material: EN-GJL-250<br \/>\nWeight: 870 kg[\/vc_column_text][\/vc_column][\/vc_row][vc_row padding=&#8221;0&#8243;][vc_column][mk_divider style=&#8221;thin_solid&#8221; margin_bottom=&#8221;60&#8243;][\/vc_column][\/vc_row][vc_row padding=&#8221;0&#8243;][vc_column width=&#8221;1\/4&#8243;][mk_image src=&#8221;\/wp-content\/uploads\/2015\/08\/produkt7-800.png&#8221; image_width=&#8221;200&#8243; image_height=&#8221;180&#8243; crop=&#8221;false&#8221;][\/vc_column][vc_column width=&#8221;3\/4&#8243;][mk_fancy_title color=&#8221;#dd3333&#8243; size=&#8221;28&#8243; font_style=&#8221;inhert&#8221; margin_bottom=&#8221;18&#8243; font_family=&#8221;none&#8221;]\n<p>Zwischenplattenkonsole<\/p>\n[\/mk_fancy_title][vc_column_text]Material: EN-GJL-250<br \/>\nWeight: 1197 kg[\/vc_column_text][\/vc_column][\/vc_row][vc_row padding=&#8221;0&#8243;][vc_column][mk_divider style=&#8221;thin_solid&#8221; margin_bottom=&#8221;60&#8243;][\/vc_column][\/vc_row][vc_row padding=&#8221;0&#8243;][vc_column width=&#8221;1\/4&#8243;][mk_image src=&#8221;\/wp-content\/uploads\/2015\/08\/produkt8-800.png&#8221; image_width=&#8221;200&#8243; image_height=&#8221;180&#8243; crop=&#8221;false&#8221;][\/vc_column][vc_column width=&#8221;3\/4&#8243;][mk_fancy_title color=&#8221;#dd3333&#8243; size=&#8221;28&#8243; font_style=&#8221;inhert&#8221; margin_bottom=&#8221;18&#8243; font_family=&#8221;none&#8221;]\n<p>Kostra statoru 560\/562<\/p>\n[\/mk_fancy_title][vc_column_text]Material: EN-GJL-200<br \/>\nWeight: 2510 kg[\/vc_column_text][\/vc_column][\/vc_row][vc_row padding=&#8221;0&#8243;][vc_column][mk_divider style=&#8221;thin_solid&#8221; margin_bottom=&#8221;60&#8243;][\/vc_column][\/vc_row][vc_row padding=&#8221;0&#8243;][vc_column width=&#8221;1\/4&#8243;][mk_image src=&#8221;\/wp-content\/uploads\/2015\/08\/produkt9-800.png&#8221; image_width=&#8221;200&#8243; image_height=&#8221;180&#8243; crop=&#8221;false&#8221;][\/vc_column][vc_column width=&#8221;3\/4&#8243;][mk_fancy_title color=&#8221;#dd3333&#8243; size=&#8221;28&#8243; font_style=&#8221;inhert&#8221; margin_bottom=&#8221;18&#8243; font_family=&#8221;none&#8221;]\n<p>Kegel-fussgeh SK 9092<\/p>\n[\/mk_fancy_title][vc_column_text]Material: EN-GJL-200<br \/>\nWeight: 765 kg[\/vc_column_text][\/vc_column][\/vc_row][vc_row padding=&#8221;0&#8243;][vc_column][mk_divider style=&#8221;thin_solid&#8221; margin_bottom=&#8221;60&#8243;][\/vc_column][\/vc_row][vc_row padding=&#8221;0&#8243;][vc_column width=&#8221;1\/4&#8243;][mk_image src=&#8221;\/wp-content\/uploads\/2015\/08\/produkt10-900.png&#8221; image_width=&#8221;200&#8243; image_height=&#8221;180&#8243; crop=&#8221;false&#8221;][\/vc_column][vc_column width=&#8221;3\/4&#8243;][mk_fancy_title color=&#8221;#dd3333&#8243; size=&#8221;28&#8243; font_style=&#8221;inhert&#8221; margin_bottom=&#8221;18&#8243; font_family=&#8221;none&#8221;]\n<p>Separatorgeh\u00e4use<\/p>\n[\/mk_fancy_title][vc_column_text]Material: EN-GJL-250<br \/>\nWeight: 130 kg[\/vc_column_text][\/vc_column][\/vc_row][vc_row padding=&#8221;0&#8243;][vc_column][mk_divider style=&#8221;thin_solid&#8221; margin_bottom=&#8221;60&#8243;][\/vc_column][\/vc_row][vc_row padding=&#8221;0&#8243;][vc_column width=&#8221;1\/4&#8243;][mk_image src=&#8221;\/wp-content\/uploads\/2015\/08\/produkt11-800.png&#8221; image_width=&#8221;200&#8243; image_height=&#8221;180&#8243; crop=&#8221;false&#8221;][\/vc_column][vc_column width=&#8221;3\/4&#8243;][mk_fancy_title color=&#8221;#dd3333&#8243; size=&#8221;28&#8243; font_style=&#8221;inhert&#8221; margin_bottom=&#8221;18&#8243; font_family=&#8221;none&#8221;]\n<p>Housing HDP 120<\/p>\n[\/mk_fancy_title][vc_column_text]Material: EN-GJS-400-15<br \/>\nWeight: 570 kg[\/vc_column_text][\/vc_column][\/vc_row][vc_row padding=&#8221;0&#8243;][vc_column][mk_divider style=&#8221;thin_solid&#8221; margin_bottom=&#8221;60&#8243;][\/vc_column][\/vc_row][vc_row padding=&#8221;0&#8243;][vc_column width=&#8221;1\/4&#8243;][mk_image src=&#8221;\/wp-content\/uploads\/2015\/08\/produkt12-800.png&#8221; image_width=&#8221;200&#8243; image_height=&#8221;180&#8243; crop=&#8221;false&#8221;][\/vc_column][vc_column width=&#8221;3\/4&#8243;][mk_fancy_title color=&#8221;#dd3333&#8243; size=&#8221;28&#8243; font_style=&#8221;inhert&#8221; margin_bottom=&#8221;18&#8243; font_family=&#8221;none&#8221;]\n<p>Fusgehause SK 92\/93<\/p>\n[\/mk_fancy_title][vc_column_text]Material: EN-GJL-200<br \/>\nWeight: 247 kg[\/vc_column_text][\/vc_column][\/vc_row][vc_row padding=&#8221;0&#8243;][vc_column][mk_padding_divider][\/vc_column][\/vc_row][mk_page_section bg_image=&#8221;\/wp-content\/uploads\/2014\/08\/bg-vyroba2.jpg&#8221; bg_position=&#8221;center top&#8221; bg_repeat=&#8221;no-repeat&#8221; bg_stretch=&#8221;true&#8221; padding_top=&#8221;90&#8243; padding_bottom=&#8221;50&#8243; first_page=&#8221;false&#8221; last_page=&#8221;false&#8221; sidebar=&#8221;sidebar-1&#8243;][vc_column][mk_button dimension=&#8221;flat&#8221; size=&#8221;x-large&#8221; url=&#8221;https:\/\/www.zelezarny.cz\/en\/castings\/&#8221; align=&#8221;center&#8221; bg_color=&#8221;#ffec48&#8243; btn_hover_bg=&#8221;#092152&#8243; text_color=&#8221;dark&#8221; btn_hover_txt_color=&#8221;#ffffff&#8221;]See how we are working<\/p>\n[\/mk_button][\/vc_column][\/mk_page_section]\n","protected":false},"excerpt":{"rendered":"<p>[mk_page_section bg_image=&#8221;\/wp-content\/uploads\/2015\/08\/bg-produkty.jpg&#8221; bg_repeat=&#8221;no-repeat&#8221; min_height=&#8221;250&#8243; padding_top=&#8221;200&#8243; padding_bottom=&#8221;0&#8243; margin_bottom=&#8221;25&#8243; el_class=&#8221;zahlavi-obrazek&#8221; first_page=&#8221;false&#8221; last_page=&#8221;false&#8221; sidebar=&#8221;sidebar-1&#8243;][vc_column][mk_fancy_title tag_name=&#8221;h1&#8243; color=&#8221;#ffffff&#8221; size=&#8221;60&#8243; font_weight=&#8221;900&#8243; font_style=&#8221;normal&#8221; txt_transform=&#8221;uppercase&#8221; margin_bottom=&#8221;40&#8243; font_family=&#8221;none&#8221; align=&#8221;center&#8221; el_class=&#8221;CoreSansA75ExtraBold&#8221;] Products [\/mk_fancy_title][\/vc_column][\/mk_page_section][vc_row][vc_column width=&#8221;1\/6&#8243;][vc_column_text] [\/vc_column_text][\/vc_column][vc_column width=&#8221;2\/3&#8243;][mk_fancy_title tag_name=&#8221;h3&#8243; color=&#8221;#f33f00&#8243; size=&#8221;28&#8243; font_weight=&#8221;normal&#8221; font_style=&#8221;inhert&#8221; margin_top=&#8221;25&#8243; margin_bottom=&#8221;0&#8243; font_family=&#8221;none&#8221; align=&#8221;center&#8221;] We produce castings of grey cast iron, nodular cast iron and aluminium. We also provide for the manufacture of patterns, [&hellip;]<\/p>\n","protected":false},"author":1,"featured_media":0,"parent":0,"menu_order":0,"comment_status":"closed","ping_status":"open","template":"","meta":[],"yoast_head":"<!-- This site is optimized with the Yoast SEO plugin v16.4 - https:\/\/yoast.com\/wordpress\/plugins\/seo\/ -->\n<title>Products - \u017delez\u00e1rny \u0160t\u011bp\u00e1nov I Sl\u00e9v\u00e1rna, CNC obrobna, d\u016fraz na kvalitu<\/title>\n<meta name=\"robots\" content=\"index, follow, max-snippet:-1, max-image-preview:large, max-video-preview:-1\" \/>\n<link rel=\"canonical\" href=\"https:\/\/www.zelezarny.cz\/en\/products\/\" \/>\n<meta property=\"og:locale\" content=\"en_US\" \/>\n<meta property=\"og:type\" content=\"article\" \/>\n<meta property=\"og:title\" content=\"Products - \u017delez\u00e1rny \u0160t\u011bp\u00e1nov I Sl\u00e9v\u00e1rna, CNC obrobna, d\u016fraz na kvalitu\" \/>\n<meta property=\"og:description\" content=\"[mk_page_section bg_image=&#8221;\/wp-content\/uploads\/2015\/08\/bg-produkty.jpg&#8221; bg_repeat=&#8221;no-repeat&#8221; min_height=&#8221;250&#8243; padding_top=&#8221;200&#8243; padding_bottom=&#8221;0&#8243; margin_bottom=&#8221;25&#8243; el_class=&#8221;zahlavi-obrazek&#8221; first_page=&#8221;false&#8221; last_page=&#8221;false&#8221; sidebar=&#8221;sidebar-1&#8243;][vc_column][mk_fancy_title tag_name=&#8221;h1&#8243; color=&#8221;#ffffff&#8221; size=&#8221;60&#8243; font_weight=&#8221;900&#8243; font_style=&#8221;normal&#8221; txt_transform=&#8221;uppercase&#8221; margin_bottom=&#8221;40&#8243; font_family=&#8221;none&#8221; align=&#8221;center&#8221; el_class=&#8221;CoreSansA75ExtraBold&#8221;] Products [\/mk_fancy_title][\/vc_column][\/mk_page_section][vc_row][vc_column width=&#8221;1\/6&#8243;][vc_column_text] [\/vc_column_text][\/vc_column][vc_column width=&#8221;2\/3&#8243;][mk_fancy_title tag_name=&#8221;h3&#8243; color=&#8221;#f33f00&#8243; size=&#8221;28&#8243; font_weight=&#8221;normal&#8221; font_style=&#8221;inhert&#8221; margin_top=&#8221;25&#8243; margin_bottom=&#8221;0&#8243; font_family=&#8221;none&#8221; align=&#8221;center&#8221;] We produce castings of grey cast iron, nodular cast iron and aluminium. We also provide for the manufacture of patterns, [&hellip;]\" \/>\n<meta property=\"og:url\" content=\"https:\/\/www.zelezarny.cz\/en\/products\/\" \/>\n<meta property=\"og:site_name\" content=\"\u017delez\u00e1rny \u0160t\u011bp\u00e1nov I Sl\u00e9v\u00e1rna, CNC obrobna, d\u016fraz na kvalitu\" \/>\n<meta property=\"article:modified_time\" content=\"2021-07-08T15:52:19+00:00\" \/>\n<meta name=\"twitter:card\" content=\"summary_large_image\" \/>\n<meta name=\"twitter:label1\" content=\"Est. reading time\" \/>\n\t<meta name=\"twitter:data1\" content=\"2 minutes\" \/>\n<script type=\"application\/ld+json\" class=\"yoast-schema-graph\">{\"@context\":\"https:\/\/schema.org\",\"@graph\":[{\"@type\":\"WebSite\",\"@id\":\"https:\/\/www.zelezarny.cz\/#website\",\"url\":\"https:\/\/www.zelezarny.cz\/\",\"name\":\"\\u017delez\\u00e1rny \\u0160t\\u011bp\\u00e1nov I Sl\\u00e9v\\u00e1rna, CNC obrobna, d\\u016fraz na kvalitu\",\"description\":\"\",\"potentialAction\":[{\"@type\":\"SearchAction\",\"target\":\"https:\/\/www.zelezarny.cz\/?s={search_term_string}\",\"query-input\":\"required name=search_term_string\"}],\"inLanguage\":\"en-US\"},{\"@type\":\"WebPage\",\"@id\":\"https:\/\/www.zelezarny.cz\/en\/products\/#webpage\",\"url\":\"https:\/\/www.zelezarny.cz\/en\/products\/\",\"name\":\"Products - \\u017delez\\u00e1rny \\u0160t\\u011bp\\u00e1nov I Sl\\u00e9v\\u00e1rna, CNC obrobna, d\\u016fraz na kvalitu\",\"isPartOf\":{\"@id\":\"https:\/\/www.zelezarny.cz\/#website\"},\"datePublished\":\"2015-08-23T13:56:18+00:00\",\"dateModified\":\"2021-07-08T15:52:19+00:00\",\"breadcrumb\":{\"@id\":\"https:\/\/www.zelezarny.cz\/en\/products\/#breadcrumb\"},\"inLanguage\":\"en-US\",\"potentialAction\":[{\"@type\":\"ReadAction\",\"target\":[\"https:\/\/www.zelezarny.cz\/en\/products\/\"]}]},{\"@type\":\"BreadcrumbList\",\"@id\":\"https:\/\/www.zelezarny.cz\/en\/products\/#breadcrumb\",\"itemListElement\":[{\"@type\":\"ListItem\",\"position\":1,\"item\":{\"@type\":\"WebPage\",\"@id\":\"https:\/\/www.zelezarny.cz\/en\/\",\"url\":\"https:\/\/www.zelezarny.cz\/en\/\",\"name\":\"Dom\\u016f\"}},{\"@type\":\"ListItem\",\"position\":2,\"item\":{\"@id\":\"https:\/\/www.zelezarny.cz\/en\/products\/#webpage\"}}]}]}<\/script>\n<!-- \/ Yoast SEO plugin. -->","_links":{"self":[{"href":"https:\/\/www.zelezarny.cz\/en\/wp-json\/wp\/v2\/pages\/6100"}],"collection":[{"href":"https:\/\/www.zelezarny.cz\/en\/wp-json\/wp\/v2\/pages"}],"about":[{"href":"https:\/\/www.zelezarny.cz\/en\/wp-json\/wp\/v2\/types\/page"}],"author":[{"embeddable":true,"href":"https:\/\/www.zelezarny.cz\/en\/wp-json\/wp\/v2\/users\/1"}],"replies":[{"embeddable":true,"href":"https:\/\/www.zelezarny.cz\/en\/wp-json\/wp\/v2\/comments?post=6100"}],"version-history":[{"count":0,"href":"https:\/\/www.zelezarny.cz\/en\/wp-json\/wp\/v2\/pages\/6100\/revisions"}],"wp:attachment":[{"href":"https:\/\/www.zelezarny.cz\/en\/wp-json\/wp\/v2\/media?parent=6100"}],"curies":[{"name":"wp","href":"https:\/\/api.w.org\/{rel}","templated":true}]}}