{"id":5746,"date":"2015-06-06T15:24:05","date_gmt":"2015-06-06T14:24:05","guid":{"rendered":"http:\/\/www.zelezarny.cz\/en\/?page_id=5746"},"modified":"2021-07-08T17:51:51","modified_gmt":"2021-07-08T15:51:51","slug":"references","status":"publish","type":"page","link":"https:\/\/www.zelezarny.cz\/en\/references\/","title":{"rendered":"References"},"content":{"rendered":"[mk_page_section bg_image=&#8221;\/wp-content\/uploads\/2015\/06\/bg-reference1.jpg&#8221; bg_repeat=&#8221;no-repeat&#8221; min_height=&#8221;250&#8243; padding_top=&#8221;200&#8243; padding_bottom=&#8221;0&#8243; margin_bottom=&#8221;25&#8243; el_class=&#8221;zahlavi-obrazek&#8221; first_page=&#8221;false&#8221; last_page=&#8221;false&#8221; sidebar=&#8221;sidebar-1&#8243;][vc_column][mk_fancy_title tag_name=&#8221;h1&#8243; color=&#8221;#ffffff&#8221; size=&#8221;60&#8243; font_weight=&#8221;900&#8243; font_style=&#8221;normal&#8221; txt_transform=&#8221;uppercase&#8221; margin_bottom=&#8221;40&#8243; font_family=&#8221;none&#8221; align=&#8221;center&#8221; el_class=&#8221;CoreSansA75ExtraBold&#8221;]\n<p>References<\/p>\n[\/mk_fancy_title][\/vc_column][\/mk_page_section][vc_row][vc_column width=&#8221;1\/6&#8243;][vc_column_text]\n[\/vc_column_text][\/vc_column][vc_column width=&#8221;2\/3&#8243;][mk_fancy_title tag_name=&#8221;h3&#8243; color=&#8221;#f33f00&#8243; size=&#8221;28&#8243; font_weight=&#8221;normal&#8221; font_style=&#8221;inhert&#8221; margin_top=&#8221;25&#8243; margin_bottom=&#8221;0&#8243; font_family=&#8221;none&#8221; align=&#8221;center&#8221;]\n<p>We treasure cooperation with all of our customers. It is this long-term trust of our customers \u00a0and the orders they have placed with us that have taken us where we are today.<\/p>\n[\/mk_fancy_title][mk_fancy_title tag_name=&#8221;h3&#8243; color=&#8221;#f33f00&#8243; size=&#8221;28&#8243; font_weight=&#8221;normal&#8221; font_style=&#8221;inhert&#8221; margin_top=&#8221;25&#8243; margin_bottom=&#8221;0&#8243; font_family=&#8221;none&#8221; align=&#8221;center&#8221;]\n<p>Our good results are not a matter of coincidence, we have acheived it through years of experience and hard work.<\/p>\n[\/mk_fancy_title][mk_padding_divider][vc_single_image image=&#8221;6535&#8243; img_size=&#8221;full&#8221; alignment=&#8221;center&#8221; title=&#8221;Siemens MD \u201cBest Supplier Award 2016\u201d nominee in the category \u201cQuality\u201d&#8221;][\/vc_column][vc_column width=&#8221;1\/6&#8243;][vc_column_text]\n[\/vc_column_text][\/vc_column][\/vc_row][vc_row padding=&#8221;0&#8243;][vc_column][mk_imagebox show_as=&#8221;column&#8221; column=&#8221;5&#8243; padding=&#8221;10&#8243;][mk_imagebox_item item_image=&#8221;\/wp-content\/uploads\/2015\/09\/siemens-200.png&#8221; background_color=&#8221;#ffffff&#8221;][\/mk_imagebox_item][mk_imagebox_item item_image=&#8221;\/wp-content\/uploads\/2015\/09\/renold-200.png&#8221; background_color=&#8221;#ffffff&#8221;][\/mk_imagebox_item][mk_imagebox_item item_image=&#8221;\/wp-content\/uploads\/2015\/09\/ksb-200.png&#8221; background_color=&#8221;#ffffff&#8221;][\/mk_imagebox_item][mk_imagebox_item item_image=&#8221;\/wp-content\/uploads\/2015\/09\/bonfiglioli-200.png&#8221; background_color=&#8221;#ffffff&#8221;][\/mk_imagebox_item][mk_imagebox_item item_image=&#8221;\/wp-content\/uploads\/2017\/04\/leroy-somer-200.png&#8221; background_color=&#8221;#ffffff&#8221;][\/mk_imagebox_item][\/mk_imagebox][\/vc_column][\/vc_row][mk_page_section bg_image=&#8221;\/wp-content\/uploads\/2014\/08\/bg-home3.jpg&#8221; bg_position=&#8221;center top&#8221; bg_repeat=&#8221;no-repeat&#8221; bg_stretch=&#8221;true&#8221; padding_top=&#8221;90&#8243; padding_bottom=&#8221;50&#8243; first_page=&#8221;false&#8221; last_page=&#8221;false&#8221; sidebar=&#8221;sidebar-1&#8243;][vc_column][mk_button dimension=&#8221;flat&#8221; size=&#8221;x-large&#8221; url=&#8221;https:\/\/www.zelezarny.cz\/en\/castings\/&#8221; align=&#8221;center&#8221; bg_color=&#8221;#ffec48&#8243; btn_hover_bg=&#8221;#092152&#8243; text_color=&#8221;dark&#8221; btn_hover_txt_color=&#8221;#ffffff&#8221;]See how we are working<\/p>\n[\/mk_button][\/vc_column][\/mk_page_section]\n","protected":false},"excerpt":{"rendered":"<p>[mk_page_section bg_image=&#8221;\/wp-content\/uploads\/2015\/06\/bg-reference1.jpg&#8221; bg_repeat=&#8221;no-repeat&#8221; min_height=&#8221;250&#8243; padding_top=&#8221;200&#8243; padding_bottom=&#8221;0&#8243; margin_bottom=&#8221;25&#8243; el_class=&#8221;zahlavi-obrazek&#8221; first_page=&#8221;false&#8221; last_page=&#8221;false&#8221; sidebar=&#8221;sidebar-1&#8243;][vc_column][mk_fancy_title tag_name=&#8221;h1&#8243; color=&#8221;#ffffff&#8221; size=&#8221;60&#8243; font_weight=&#8221;900&#8243; font_style=&#8221;normal&#8221; txt_transform=&#8221;uppercase&#8221; margin_bottom=&#8221;40&#8243; font_family=&#8221;none&#8221; align=&#8221;center&#8221; el_class=&#8221;CoreSansA75ExtraBold&#8221;] References [\/mk_fancy_title][\/vc_column][\/mk_page_section][vc_row][vc_column width=&#8221;1\/6&#8243;][vc_column_text] [\/vc_column_text][\/vc_column][vc_column width=&#8221;2\/3&#8243;][mk_fancy_title tag_name=&#8221;h3&#8243; color=&#8221;#f33f00&#8243; size=&#8221;28&#8243; font_weight=&#8221;normal&#8221; font_style=&#8221;inhert&#8221; margin_top=&#8221;25&#8243; margin_bottom=&#8221;0&#8243; font_family=&#8221;none&#8221; align=&#8221;center&#8221;] We treasure cooperation with all of our customers. It is this long-term trust of our customers \u00a0and the orders they [&hellip;]<\/p>\n","protected":false},"author":1,"featured_media":0,"parent":0,"menu_order":0,"comment_status":"open","ping_status":"open","template":"","meta":[],"yoast_head":"<!-- This site is optimized with the Yoast SEO plugin v16.4 - https:\/\/yoast.com\/wordpress\/plugins\/seo\/ -->\n<title>References - \u017delez\u00e1rny \u0160t\u011bp\u00e1nov I Sl\u00e9v\u00e1rna, CNC obrobna, d\u016fraz na kvalitu<\/title>\n<meta name=\"robots\" content=\"index, follow, max-snippet:-1, max-image-preview:large, max-video-preview:-1\" \/>\n<link rel=\"canonical\" href=\"https:\/\/www.zelezarny.cz\/en\/references\/\" \/>\n<meta property=\"og:locale\" content=\"en_US\" \/>\n<meta property=\"og:type\" content=\"article\" \/>\n<meta property=\"og:title\" content=\"References - \u017delez\u00e1rny \u0160t\u011bp\u00e1nov I Sl\u00e9v\u00e1rna, CNC obrobna, d\u016fraz na kvalitu\" \/>\n<meta property=\"og:description\" content=\"[mk_page_section bg_image=&#8221;\/wp-content\/uploads\/2015\/06\/bg-reference1.jpg&#8221; bg_repeat=&#8221;no-repeat&#8221; min_height=&#8221;250&#8243; padding_top=&#8221;200&#8243; padding_bottom=&#8221;0&#8243; margin_bottom=&#8221;25&#8243; el_class=&#8221;zahlavi-obrazek&#8221; first_page=&#8221;false&#8221; last_page=&#8221;false&#8221; sidebar=&#8221;sidebar-1&#8243;][vc_column][mk_fancy_title tag_name=&#8221;h1&#8243; color=&#8221;#ffffff&#8221; size=&#8221;60&#8243; font_weight=&#8221;900&#8243; font_style=&#8221;normal&#8221; txt_transform=&#8221;uppercase&#8221; margin_bottom=&#8221;40&#8243; font_family=&#8221;none&#8221; align=&#8221;center&#8221; el_class=&#8221;CoreSansA75ExtraBold&#8221;] References [\/mk_fancy_title][\/vc_column][\/mk_page_section][vc_row][vc_column width=&#8221;1\/6&#8243;][vc_column_text] [\/vc_column_text][\/vc_column][vc_column width=&#8221;2\/3&#8243;][mk_fancy_title tag_name=&#8221;h3&#8243; color=&#8221;#f33f00&#8243; size=&#8221;28&#8243; font_weight=&#8221;normal&#8221; font_style=&#8221;inhert&#8221; margin_top=&#8221;25&#8243; margin_bottom=&#8221;0&#8243; font_family=&#8221;none&#8221; align=&#8221;center&#8221;] We treasure cooperation with all of our customers. It is this long-term trust of our customers \u00a0and the orders they [&hellip;]\" \/>\n<meta property=\"og:url\" content=\"https:\/\/www.zelezarny.cz\/en\/references\/\" \/>\n<meta property=\"og:site_name\" content=\"\u017delez\u00e1rny \u0160t\u011bp\u00e1nov I Sl\u00e9v\u00e1rna, CNC obrobna, d\u016fraz na kvalitu\" \/>\n<meta property=\"article:modified_time\" content=\"2021-07-08T15:51:51+00:00\" \/>\n<meta name=\"twitter:card\" content=\"summary_large_image\" \/>\n<meta name=\"twitter:label1\" content=\"Est. reading time\" \/>\n\t<meta name=\"twitter:data1\" content=\"1 minute\" \/>\n<script type=\"application\/ld+json\" class=\"yoast-schema-graph\">{\"@context\":\"https:\/\/schema.org\",\"@graph\":[{\"@type\":\"WebSite\",\"@id\":\"https:\/\/www.zelezarny.cz\/#website\",\"url\":\"https:\/\/www.zelezarny.cz\/\",\"name\":\"\\u017delez\\u00e1rny \\u0160t\\u011bp\\u00e1nov I Sl\\u00e9v\\u00e1rna, CNC obrobna, d\\u016fraz na kvalitu\",\"description\":\"\",\"potentialAction\":[{\"@type\":\"SearchAction\",\"target\":\"https:\/\/www.zelezarny.cz\/?s={search_term_string}\",\"query-input\":\"required name=search_term_string\"}],\"inLanguage\":\"en-US\"},{\"@type\":\"WebPage\",\"@id\":\"https:\/\/www.zelezarny.cz\/en\/references\/#webpage\",\"url\":\"https:\/\/www.zelezarny.cz\/en\/references\/\",\"name\":\"References - \\u017delez\\u00e1rny \\u0160t\\u011bp\\u00e1nov I Sl\\u00e9v\\u00e1rna, CNC obrobna, d\\u016fraz na kvalitu\",\"isPartOf\":{\"@id\":\"https:\/\/www.zelezarny.cz\/#website\"},\"datePublished\":\"2015-06-06T14:24:05+00:00\",\"dateModified\":\"2021-07-08T15:51:51+00:00\",\"breadcrumb\":{\"@id\":\"https:\/\/www.zelezarny.cz\/en\/references\/#breadcrumb\"},\"inLanguage\":\"en-US\",\"potentialAction\":[{\"@type\":\"ReadAction\",\"target\":[\"https:\/\/www.zelezarny.cz\/en\/references\/\"]}]},{\"@type\":\"BreadcrumbList\",\"@id\":\"https:\/\/www.zelezarny.cz\/en\/references\/#breadcrumb\",\"itemListElement\":[{\"@type\":\"ListItem\",\"position\":1,\"item\":{\"@type\":\"WebPage\",\"@id\":\"https:\/\/www.zelezarny.cz\/en\/\",\"url\":\"https:\/\/www.zelezarny.cz\/en\/\",\"name\":\"Dom\\u016f\"}},{\"@type\":\"ListItem\",\"position\":2,\"item\":{\"@id\":\"https:\/\/www.zelezarny.cz\/en\/references\/#webpage\"}}]}]}<\/script>\n<!-- \/ Yoast SEO plugin. -->","_links":{"self":[{"href":"https:\/\/www.zelezarny.cz\/en\/wp-json\/wp\/v2\/pages\/5746"}],"collection":[{"href":"https:\/\/www.zelezarny.cz\/en\/wp-json\/wp\/v2\/pages"}],"about":[{"href":"https:\/\/www.zelezarny.cz\/en\/wp-json\/wp\/v2\/types\/page"}],"author":[{"embeddable":true,"href":"https:\/\/www.zelezarny.cz\/en\/wp-json\/wp\/v2\/users\/1"}],"replies":[{"embeddable":true,"href":"https:\/\/www.zelezarny.cz\/en\/wp-json\/wp\/v2\/comments?post=5746"}],"version-history":[{"count":0,"href":"https:\/\/www.zelezarny.cz\/en\/wp-json\/wp\/v2\/pages\/5746\/revisions"}],"wp:attachment":[{"href":"https:\/\/www.zelezarny.cz\/en\/wp-json\/wp\/v2\/media?parent=5746"}],"curies":[{"name":"wp","href":"https:\/\/api.w.org\/{rel}","templated":true}]}}