{"id":5702,"date":"2015-06-04T09:57:22","date_gmt":"2015-06-04T08:57:22","guid":{"rendered":"http:\/\/www.zelezarny.cz\/en\/?page_id=5702"},"modified":"2025-04-15T15:55:50","modified_gmt":"2025-04-15T13:55:50","slug":"castings","status":"publish","type":"page","link":"https:\/\/www.zelezarny.cz\/en\/castings\/","title":{"rendered":"Castings"},"content":{"rendered":"[mk_page_section bg_image=&#8221;\/wp-content\/uploads\/2015\/06\/bg-odlitky.jpg&#8221; bg_position=&#8221;center top&#8221; bg_repeat=&#8221;no-repeat&#8221; bg_stretch=&#8221;true&#8221; min_height=&#8221;250&#8243; padding_top=&#8221;200&#8243; padding_bottom=&#8221;0&#8243; el_class=&#8221;zahlavi-obrazek&#8221; first_page=&#8221;false&#8221; last_page=&#8221;false&#8221; sidebar=&#8221;sidebar-1&#8243;][vc_column][mk_fancy_title tag_name=&#8221;h1&#8243; color=&#8221;#ffffff&#8221; size=&#8221;60&#8243; font_weight=&#8221;900&#8243; font_style=&#8221;normal&#8221; txt_transform=&#8221;uppercase&#8221; margin_bottom=&#8221;0&#8243; font_family=&#8221;none&#8221; align=&#8221;center&#8221; el_class=&#8221;CoreSansA75ExtraBold&#8221;]\n<p>We produce castings weighing up to 3500 kg<\/p>\n[\/mk_fancy_title][\/vc_column][\/mk_page_section][mk_page_section bg_color=&#8221;#ffffff&#8221; speed_factor=&#8221;4&#8243; padding_top=&#8221;50&#8243; sidebar=&#8221;sidebar-1&#8243; first_page=&#8221;false&#8221; last_page=&#8221;false&#8221;][vc_column][vc_row_inner padding=&#8221;0&#8243;][vc_column_inner width=&#8221;1\/6&#8243;]\n[\/vc_column_inner][vc_column_inner width=&#8221;2\/3&#8243;][mk_fancy_title color=&#8221;#04163e&#8221; size=&#8221;38&#8243; font_weight=&#8221;bold&#8221; txt_transform=&#8221;uppercase&#8221; margin_bottom=&#8221;0&#8243; font_family=&#8221;none&#8221; align=&#8221;center&#8221;]The production capacity of our foundry is 7000 tonnes a year[\/mk_fancy_title][mk_padding_divider size=&#8221;25&#8243;][mk_fancy_title tag_name=&#8221;h3&#8243; color=&#8221;#f33f00&#8243; size=&#8221;26&#8243; margin_bottom=&#8221;18&#8243; font_family=&#8221;none&#8221; align=&#8221;center&#8221;]We work with gray cast iron and ductile cast iron[\/mk_fancy_title][\/vc_column_inner][vc_column_inner width=&#8221;1\/6&#8243;]\n[\/vc_column_inner][\/vc_row_inner][\/vc_column][\/mk_page_section][mk_page_section bg_color=&#8221;#ffffff&#8221; speed_factor=&#8221;4&#8243; padding_top=&#8221;50&#8243; predefined_bg=&#8221;&#8221; first_page=&#8221;false&#8221; last_page=&#8221;false&#8221; sidebar=&#8221;sidebar-1&#8243;][vc_column][vc_row_inner padding=&#8221;0&#8243;][vc_column_inner width=&#8221;1\/6&#8243;]\n[\/vc_column_inner][vc_column_inner width=&#8221;2\/3&#8243;][mk_fancy_title color=&#8221;#04163e&#8221; size=&#8221;38&#8243; font_weight=&#8221;bold&#8221; font_style=&#8221;inhert&#8221; txt_transform=&#8221;uppercase&#8221; margin_bottom=&#8221;0&#8243; font_family=&#8221;none&#8221; align=&#8221;center&#8221;]\n<p>At Zelezarny we make casting from the following material:<\/p>\n[\/mk_fancy_title][mk_padding_divider size=&#8221;25&#8243;][mk_custom_list]\n<ul>\n<li><b>Cast Iron with lamellar graphite<br \/>\n<\/b>(grey cast iron)<br \/>\n(EN-GJL-200, EN-GJL-250, EN-GJL-300)<\/li>\n<li><b>Cast Iron with nodular graphite<br \/>\n<\/b>(spheroidal graphite cast iron)<br \/>\n(EN-GJS-400, EN-GJS-350-22-LT, EN-GJS-500, EN-GJS-600)<\/li>\n<\/ul>\n[\/mk_custom_list][mk_padding_divider][\/vc_column_inner][vc_column_inner width=&#8221;1\/6&#8243;]\n[\/vc_column_inner][\/vc_row_inner][\/vc_column][\/mk_page_section][mk_page_section bg_color=&#8221;#ffffff&#8221; speed_factor=&#8221;4&#8243; padding_top=&#8221;60&#8243; padding_bottom=&#8221;30&#8243; first_page=&#8221;false&#8221; last_page=&#8221;false&#8221; sidebar=&#8221;sidebar-1&#8243;][vc_column][mk_fancy_title color=&#8221;#04163e&#8221; size=&#8221;38&#8243; font_weight=&#8221;bold&#8221; font_style=&#8221;inhert&#8221; txt_transform=&#8221;uppercase&#8221; margin_bottom=&#8221;40&#8243; font_family=&#8221;none&#8221; align=&#8221;center&#8221;]\n<p>We emphasize on the constant improvement of our tech processes<\/p>\n[\/mk_fancy_title][mk_padding_divider size=&#8221;25&#8243;][vc_raw_html]\n<p>JTNDdWwlMjBjbGFzcyUzRCUyMmhvbWVwYWdlLWZlYXR1cmVzLWJveGVzJTIyJTNFJTBBJTNDbGklM0UlMEElM0NkaXYlMjBjbGFzcyUzRCUyMmhvbWVwYWdlLWZlYXR1cmVzLWJveCUyMiUzRSUwQSUzQ2RpdiUyMGNsYXNzJTNEJTIyaG9tZXBhZ2UtZmVhdHVyZXMtYm94X19pbWFnZSUyMiUzRSUzQ2ltZyUyMHNyYyUzRCUyMiUyRndwLWNvbnRlbnQlMkZ1cGxvYWRzJTJGMjAxNSUyRjA5JTJGdnl2b2oucG5nJTIyJTIwYWx0JTNEJTIyJTIyJTIwJTJGJTNFJTNDJTJGZGl2JTNFJTBBJTNDZGl2JTIwY2xhc3MlM0QlMjJob21lcGFnZS1mZWF0dXJlcy1ib3hfX3RpdGxlJTIyJTNFUHJvZHVjdCUyMGRldmVsb3BtZW50JTNDJTJGZGl2JTNFJTBBJTNDJTJGZGl2JTNFJTBBJTNDJTJGbGklM0UlMEElM0NsaSUyMGNsYXNzJTNEJTIyeWVsbG93LWxpbmUlMjIlM0UlM0MlMkZsaSUzRSUwQSUzQ2xpJTNFJTBBJTNDZGl2JTIwY2xhc3MlM0QlMjJob21lcGFnZS1mZWF0dXJlcy1ib3glMjIlM0UlMEElM0NkaXYlMjBjbGFzcyUzRCUyMmhvbWVwYWdlLWZlYXR1cmVzLWJveF9faW1hZ2UlMjIlM0UlMEElM0NpbWclMjBzcmMlM0QlMjIlMkZ3cC1jb250ZW50JTJGdXBsb2FkcyUyRjIwMTUlMkYwOSUyRnZ5cm9iYS1tb2RlbHUucG5nJTIyJTIwYWx0JTNEJTIyJTIyJTIwJTJGJTNFJTBBJTNDJTJGZGl2JTNFJTBBJTNDZGl2JTIwY2xhc3MlM0QlMjJob21lcGFnZS1mZWF0dXJlcy1ib3hfX3RpdGxlJTIyJTNFUGF0dGVybiUyMHByb2R1Y3Rpbm9uJTNDYnIlMkYlM0UlMjBhbmQlMjBtb3VsZGluZyUzQyUyRmRpdiUzRSUwQSUzQyUyRmRpdiUzRSUwQSUzQyUyRmxpJTNFJTBBJTNDbGklMjBjbGFzcyUzRCUyMnllbGxvdy1saW5lJTIyJTNFJTNDJTJGbGklM0UlMEElM0NsaSUzRSUwQSUzQ2RpdiUyMGNsYXNzJTNEJTIyaG9tZXBhZ2UtZmVhdHVyZXMtYm94JTIyJTNFJTBBJTNDZGl2JTIwY2xhc3MlM0QlMjJob21lcGFnZS1mZWF0dXJlcy1ib3hfX2ltYWdlJTIyJTNFJTBBJTNDaW1nJTIwc3JjJTNEJTIyJTJGd3AtY29udGVudCUyRnVwbG9hZHMlMkYyMDE1JTJGMDklMkZvZGxldmFuaS5wbmclMjIlMjBhbHQlM0QlMjIlMjIlMjAlMkYlM0UlMEElM0MlMkZkaXYlM0UlMEElM0NkaXYlMjBjbGFzcyUzRCUyMmhvbWVwYWdlLWZlYXR1cmVzLWJveF9fdGl0bGUlMjIlM0VDYXN0aW5nJTNDJTJGZGl2JTNFJTBBJTNDJTJGZGl2JTNFJTBBJTNDJTJGbGklM0UlMEElM0NsaSUyMGNsYXNzJTNEJTIyeWVsbG93LWxpbmUlMjIlM0UlM0MlMkZsaSUzRSUwQSUzQ2xpJTNFJTBBJTNDZGl2JTIwY2xhc3MlM0QlMjJob21lcGFnZS1mZWF0dXJlcy1ib3glMjIlM0UlMEElM0NkaXYlMjBjbGFzcyUzRCUyMmhvbWVwYWdlLWZlYXR1cmVzLWJveF9faW1hZ2UlMjIlM0UlMEElM0NpbWclMjBzcmMlM0QlMjIlMkZ3cC1jb250ZW50JTJGdXBsb2FkcyUyRjIwMTUlMkYwOSUyRnBvdnJjaG92YS11cHJhdmEucG5nJTIyJTIwYWx0JTNEJTIyJTIyJTIwJTJGJTNFJTBBJTNDJTJGZGl2JTNFJTBBJTNDZGl2JTIwY2xhc3MlM0QlMjJob21lcGFnZS1mZWF0dXJlcy1ib3hfX3RpdGxlJTIyJTNFU3VyZmFjZSUzQ2JyJTJGJTNFZmluaXNoaW5nJTNDJTJGZGl2JTNFJTBBJTNDJTJGZGl2JTNFJTBBJTNDJTJGbGklM0UlMEElM0MlMkZ1bCUzRSUwQSUwQSUwQSUzQ3VsJTIwY2xhc3MlM0QlMjJob21lcGFnZS1mZWF0dXJlcy1ib3hlcyUyMiUzRSUwQSUzQ2xpJTNFJTBBJTNDZGl2JTIwY2xhc3MlM0QlMjJob21lcGFnZS1mZWF0dXJlcy1ib3glMjIlM0UlMEElM0NkaXYlMjBjbGFzcyUzRCUyMmhvbWVwYWdlLWZlYXR1cmVzLWJveF9faW1hZ2UlMjIlM0UlMEElM0NpbWclMjBzcmMlM0QlMjIlMkZ3cC1jb250ZW50JTJGdXBsb2FkcyUyRjIwMTUlMkYxMCUyRmxha292YW5pLnBuZyUyMiUyMGFsdCUzRCUyMiUyMiUyMCUyRiUzRSUwQSUzQyUyRmRpdiUzRSUwQSUzQ2RpdiUyMGNsYXNzJTNEJTIyaG9tZXBhZ2UtZmVhdHVyZXMtYm94X190aXRsZSUyMiUzRVBhaW50aW5nJTNDJTJGZGl2JTNFJTBBJTNDJTJGZGl2JTNFJTBBJTNDJTJGbGklM0UlMEElM0NsaSUyMGNsYXNzJTNEJTIyeWVsbG93LWxpbmUlMjIlM0UlM0MlMkZsaSUzRSUwQSUzQ2xpJTNFJTBBJTNDZGl2JTIwY2xhc3MlM0QlMjJob21lcGFnZS1mZWF0dXJlcy1ib3glMjIlM0UlMEElM0NkaXYlMjBjbGFzcyUzRCUyMmhvbWVwYWdlLWZlYXR1cmVzLWJveF9faW1hZ2UlMjIlM0UlMEElM0NpbWclMjBzcmMlM0QlMjIlMkZ3cC1jb250ZW50JTJGdXBsb2FkcyUyRjIwMTUlMkYxMCUyRm9wcmFjb3ZhbmkucG5nJTIyJTIwYWx0JTNEJTIyJTIyJTIwJTJGJTNFJTBBJTNDJTJGZGl2JTNFJTBBJTNDZGl2JTIwY2xhc3MlM0QlMjJob21lcGFnZS1mZWF0dXJlcy1ib3hfX3RpdGxlJTIyJTNFQ05DJTIwbWFjaGluaW5nJTNDJTJGZGl2JTNFJTBBJTNDJTJGZGl2JTNFJTBBJTNDJTJGbGklM0UlMEElM0NsaSUyMGNsYXNzJTNEJTIyeWVsbG93LWxpbmUlMjIlM0UlM0MlMkZsaSUzRSUwQSUzQ2xpJTNFJTBBJTNDZGl2JTIwY2xhc3MlM0QlMjJob21lcGFnZS1mZWF0dXJlcy1ib3glMjIlM0UlMEElM0NkaXYlMjBjbGFzcyUzRCUyMmhvbWVwYWdlLWZlYXR1cmVzLWJveF9faW1hZ2UlMjIlM0UlMEElM0NpbWclMjBzcmMlM0QlMjIlMkZ3cC1jb250ZW50JTJGdXBsb2FkcyUyRjIwMTUlMkYwOSUyRmRpc3RyaWJ1Y2UucG5nJTIyJTIwYWx0JTNEJTIyJTIyJTIwJTJGJTNFJTBBJTNDJTJGZGl2JTNFJTBBJTNDZGl2JTIwY2xhc3MlM0QlMjJob21lcGFnZS1mZWF0dXJlcy1ib3hfX3RpdGxlJTIyJTNFVHJhbnNwb3J0YXRpb24lM0MlMkZkaXYlM0UlMEElM0MlMkZkaXYlM0UlMEElM0MlMkZsaSUzRSUwQSUwQSUzQyUyRnVsJTNF<\/p>\n[\/vc_raw_html][mk_padding_divider size=&#8221;50&#8243;][mk_custom_box padding_vertical=&#8221;25&#8243; padding_horizental=&#8221;25&#8243; margin_bottom=&#8221;0&#8243; min_height=&#8221;300&#8243; el_class=&#8221;proces1&#8243; bg_color=&#8221;#04163e&#8221; bg_image=&#8221;http:\/\/www.zelezarny.cz\/en\/wp-content\/uploads\/2015\/06\/vyvoj-produktu.jpg&#8221; bg_position=&#8221;right top&#8221; bg_stretch=&#8221;false&#8221;][mk_fancy_title tag_name=&#8221;h3&#8243; color=&#8221;#ffffff&#8221; size=&#8221;26&#8243; font_weight=&#8221;bold&#8221; font_style=&#8221;inhert&#8221; txt_transform=&#8221;uppercase&#8221; margin_bottom=&#8221;0&#8243; font_family=&#8221;none&#8221;]\n<p>We will help you develop your product<\/p>\n[\/mk_fancy_title][vc_column_text]<span style=\"color: #ffffff;\">We can modify drawings of weldments or machining drawing to drawings for castings. We propose appropriate modifications of parts to optimize the production. We carry out simulation of the casting\u00b4s solidification in the QuikCAST program.<br \/>\n<\/span><\/p>\n<p><span style=\"color: #ffffff;\">e propose appropriate modifications of parts to optimize the production. <\/span><br \/>\n<span style=\"color: #ffffff;\"> We carry out simulation of the casting\u00b4s solidification in the QuikCAST program.<\/span>[\/vc_column_text][\/mk_custom_box][mk_custom_box padding_vertical=&#8221;25&#8243; padding_horizental=&#8221;25&#8243; margin_bottom=&#8221;0&#8243; min_height=&#8221;300&#8243; el_class=&#8221;proces1&#8243; bg_color=&#8221;#f6f6f6&#8243; bg_image=&#8221;http:\/\/www.zelezarny.cz\/en\/wp-content\/uploads\/2015\/06\/proces-3.jpg&#8221; bg_position=&#8221;right top&#8221; bg_stretch=&#8221;false&#8221;][mk_fancy_title tag_name=&#8221;h3&#8243; color=&#8221;#04163e&#8221; size=&#8221;26&#8243; font_weight=&#8221;bold&#8221; font_style=&#8221;inhert&#8221; txt_transform=&#8221;uppercase&#8221; margin_bottom=&#8221;0&#8243; font_family=&#8221;none&#8221;]\n<p>We make castings of cast iron or aluminium alloys<\/p>\n[\/mk_fancy_title][vc_column_text]<span style=\"color: #333333;\">Castings are made in cupola furnaces with the oxygen intensification and dust suction technology.<\/span><br \/>\n<span style=\"color: #333333;\"> We also make them in rotary gas furnaces (5t and 3t) with electronically controlled burner, batch control and dust suction technology. A gas melting pot furnace for melting non-ferrous metals (200 kg Al) is available, too. Castings are moulded into self-solidifying furan mixtures with two recycling circuits. We utilize mixers of moulding mixtures with the total capacity in excess of 50t an hour. We work with both suspended and table blasters. Products go through an annealing furnace. <\/span>[\/vc_column_text][\/mk_custom_box][mk_custom_box padding_vertical=&#8221;25&#8243; padding_horizental=&#8221;25&#8243; margin_bottom=&#8221;0&#8243; min_height=&#8221;300&#8243; el_class=&#8221;proces1&#8243; bg_color=&#8221;#04163e&#8221; bg_image=&#8221;http:\/\/www.zelezarny.cz\/en\/wp-content\/uploads\/2014\/08\/proces-5.jpg&#8221; bg_position=&#8221;right top&#8221; bg_stretch=&#8221;false&#8221;][mk_fancy_title tag_name=&#8221;h3&#8243; color=&#8221;#ffffff&#8221; size=&#8221;26&#8243; font_weight=&#8221;bold&#8221; font_style=&#8221;inhert&#8221; txt_transform=&#8221;uppercase&#8221; margin_bottom=&#8221;0&#8243; font_family=&#8221;none&#8221;]\n<p>The surface finish is performed with varnishing or dipping.<\/p>\n[\/mk_fancy_title][vc_column_text]\n<p><span style=\"color: #ffffff;\">We dip products in water-soluble paints or varnish them in enclosed boxes, largely with two-component and special paints. The viscosity and the composition of paints are regularly monitored. The thickness of the deposited paint coat is inspected with special gauges.<\/span><\/p>\n[\/vc_column_text][\/mk_custom_box][mk_custom_box padding_vertical=&#8221;25&#8243; padding_horizental=&#8221;25&#8243; margin_bottom=&#8221;0&#8243; min_height=&#8221;300&#8243; el_class=&#8221;proces1&#8243; bg_color=&#8221;#f6f6f6&#8243; bg_image=&#8221;http:\/\/www.zelezarny.cz\/en\/wp-content\/uploads\/2014\/08\/proces-4.jpg&#8221; bg_position=&#8221;right top&#8221; bg_stretch=&#8221;false&#8221;][mk_fancy_title tag_name=&#8221;h3&#8243; color=&#8221;#04163e&#8221; size=&#8221;26&#8243; font_weight=&#8221;bold&#8221; font_style=&#8221;inhert&#8221; txt_transform=&#8221;uppercase&#8221; margin_bottom=&#8221;0&#8243; font_family=&#8221;none&#8221;]\n<p>Castings are machined on CNC machines.<\/p>\n[\/mk_fancy_title][vc_column_text]\n<p>We do both rough and final machining. Castings or weldments are machined on new horizontal boring and milling machines manufactured by the renowned maker TOS Varnsdorf. We can machine items of upto 12t . The dimensional precision is verified by 3D measurement.<\/p>\n[\/vc_column_text][\/mk_custom_box][mk_custom_box padding_vertical=&#8221;25&#8243; padding_horizental=&#8221;25&#8243; margin_bottom=&#8221;0&#8243; min_height=&#8221;300&#8243; el_class=&#8221;proces1&#8243; bg_color=&#8221;#04163e&#8221; bg_image=&#8221;http:\/\/www.zelezarny.cz\/en\/wp-content\/uploads\/2015\/06\/proces-6.jpg&#8221; bg_position=&#8221;right top&#8221; bg_stretch=&#8221;false&#8221;][mk_fancy_title tag_name=&#8221;h3&#8243; color=&#8221;#ffffff&#8221; size=&#8221;26&#8243; font_weight=&#8221;bold&#8221; font_style=&#8221;inhert&#8221; txt_transform=&#8221;uppercase&#8221; margin_bottom=&#8221;0&#8243; font_family=&#8221;none&#8221;]\n<p>We provide transportation of castings to the customer.<\/p>\n[\/mk_fancy_title][\/mk_custom_box][\/vc_column][\/mk_page_section][mk_page_section bg_color=&#8221;#ffffff&#8221; speed_factor=&#8221;4&#8243; padding_top=&#8221;50&#8243; padding_bottom=&#8221;30&#8243; predefined_bg=&#8221;&#8221; first_page=&#8221;false&#8221; last_page=&#8221;false&#8221; sidebar=&#8221;sidebar-1&#8243;][vc_column][vc_row_inner padding=&#8221;0&#8243;][vc_column_inner width=&#8221;1\/6&#8243;]\n[\/vc_column_inner][vc_column_inner width=&#8221;2\/3&#8243;][mk_fancy_title color=&#8221;#04163e&#8221; size=&#8221;40&#8243; font_weight=&#8221;bold&#8221; font_style=&#8221;inhert&#8221; txt_transform=&#8221;uppercase&#8221; margin_bottom=&#8221;0&#8243; font_family=&#8221;none&#8221; align=&#8221;center&#8221;]\n<p><span style=\"font-weight: 400;\">What castings do we make?<\/span><\/p>\n[\/mk_fancy_title][vc_column_text disable_pattern=&#8221;false&#8221; align=&#8221;center&#8221; margin_bottom=&#8221;10&#8243; css=&#8221;.vc_custom_1408123292551{margin-bottom: 0px !important;}&#8221;]\n<p><span style=\"font-weight: 400;\">Most frequently, we manufacture stators of electric motors and generators or gear box housings. Our typical products include parts of pumps, metal-working machine chassis and other products of mechanical engineering.<\/span><\/p>\n[\/vc_column_text][mk_button dimension=&#8221;flat&#8221; size=&#8221;x-large&#8221; url=&#8221;https:\/\/www.zelezarny.cz\/en\/products\/&#8221; align=&#8221;center&#8221; bg_color=&#8221;#ffec48&#8243; btn_hover_bg=&#8221;#092152&#8243; text_color=&#8221;dark&#8221; btn_hover_txt_color=&#8221;#ffffff&#8221;]See the results of our work<\/p>\n[\/mk_button][mk_divider style=&#8221;thin_solid&#8221; divider_width=&#8221;custom_width&#8221; custom_width=&#8221;35&#8243; thickness=&#8221;3&#8243; margin_top=&#8221;24&#8243; margin_bottom=&#8221;40&#8243;][\/vc_column_inner][vc_column_inner width=&#8221;1\/6&#8243;]\n[\/vc_column_inner][\/vc_row_inner][\/vc_column][\/mk_page_section][mk_page_section bg_image=&#8221;\/wp-content\/uploads\/2014\/08\/bg-home3.jpg&#8221; bg_position=&#8221;center top&#8221; bg_repeat=&#8221;no-repeat&#8221; bg_stretch=&#8221;true&#8221; padding_top=&#8221;90&#8243; padding_bottom=&#8221;50&#8243; sidebar=&#8221;sidebar-1&#8243; first_page=&#8221;false&#8221; last_page=&#8221;false&#8221;][vc_column][mk_fancy_title color=&#8221;#ffffff&#8221; size=&#8221;38&#8243; font_weight=&#8221;bold&#8221; font_style=&#8221;inhert&#8221; txt_transform=&#8221;uppercase&#8221; margin_bottom=&#8221;0&#8243; font_family=&#8221;none&#8221; align=&#8221;center&#8221;]\n<p><span style=\"text-shadow: 0 0 10px #160c4b;\">Quality control is of extreme importance to us<\/span><\/p>\n[\/mk_fancy_title][vc_row_inner padding=&#8221;0&#8243;][vc_column_inner][mk_fancy_title tag_name=&#8221;h3&#8243; color=&#8221;rgba(255,255,255,0.8)&#8221; size=&#8221;28&#8243; font_weight=&#8221;bold&#8221; font_style=&#8221;inhert&#8221; margin_top=&#8221;-20&#8243; margin_bottom=&#8221;18&#8243; font_family=&#8221;none&#8221; align=&#8221;center&#8221;]\n<p>The precision of manufacturing is important to us just as the emphasis we put on quality control<\/p>\n[\/mk_fancy_title][mk_button dimension=&#8221;flat&#8221; size=&#8221;x-large&#8221; url=&#8221;https:\/\/www.zelezarny.cz\/en\/quality-control\/&#8221; align=&#8221;center&#8221; bg_color=&#8221;#ffec48&#8243; btn_hover_bg=&#8221;#092152&#8243; text_color=&#8221;dark&#8221; btn_hover_txt_color=&#8221;#ffffff&#8221;]See the process control<\/p>\n[\/mk_button][\/vc_column_inner][\/vc_row_inner][vc_column_text]\n[\/vc_column_text][\/vc_column][\/mk_page_section]\n","protected":false},"excerpt":{"rendered":"<p>[mk_page_section bg_image=&#8221;\/wp-content\/uploads\/2015\/06\/bg-odlitky.jpg&#8221; bg_position=&#8221;center top&#8221; bg_repeat=&#8221;no-repeat&#8221; bg_stretch=&#8221;true&#8221; min_height=&#8221;250&#8243; padding_top=&#8221;200&#8243; padding_bottom=&#8221;0&#8243; el_class=&#8221;zahlavi-obrazek&#8221; first_page=&#8221;false&#8221; last_page=&#8221;false&#8221; sidebar=&#8221;sidebar-1&#8243;][vc_column][mk_fancy_title tag_name=&#8221;h1&#8243; color=&#8221;#ffffff&#8221; size=&#8221;60&#8243; font_weight=&#8221;900&#8243; font_style=&#8221;normal&#8221; txt_transform=&#8221;uppercase&#8221; margin_bottom=&#8221;0&#8243; font_family=&#8221;none&#8221; align=&#8221;center&#8221; el_class=&#8221;CoreSansA75ExtraBold&#8221;] We produce castings weighing up to 3500 kg [\/mk_fancy_title][\/vc_column][\/mk_page_section][mk_page_section bg_color=&#8221;#ffffff&#8221; speed_factor=&#8221;4&#8243; padding_top=&#8221;50&#8243; sidebar=&#8221;sidebar-1&#8243; first_page=&#8221;false&#8221; last_page=&#8221;false&#8221;][vc_column][vc_row_inner padding=&#8221;0&#8243;][vc_column_inner width=&#8221;1\/6&#8243;] [\/vc_column_inner][vc_column_inner width=&#8221;2\/3&#8243;][mk_fancy_title color=&#8221;#04163e&#8221; size=&#8221;38&#8243; font_weight=&#8221;bold&#8221; txt_transform=&#8221;uppercase&#8221; margin_bottom=&#8221;0&#8243; font_family=&#8221;none&#8221; align=&#8221;center&#8221;]The production capacity of our foundry is [&hellip;]<\/p>\n","protected":false},"author":1,"featured_media":0,"parent":0,"menu_order":0,"comment_status":"open","ping_status":"open","template":"","meta":[],"yoast_head":"<!-- This site is optimized with the Yoast SEO plugin v16.4 - https:\/\/yoast.com\/wordpress\/plugins\/seo\/ -->\n<title>Castings - \u017delez\u00e1rny \u0160t\u011bp\u00e1nov I Sl\u00e9v\u00e1rna, CNC obrobna, d\u016fraz na kvalitu<\/title>\n<meta name=\"robots\" content=\"index, follow, max-snippet:-1, max-image-preview:large, max-video-preview:-1\" \/>\n<link rel=\"canonical\" href=\"https:\/\/www.zelezarny.cz\/en\/castings\/\" \/>\n<meta property=\"og:locale\" content=\"en_US\" \/>\n<meta property=\"og:type\" content=\"article\" \/>\n<meta property=\"og:title\" content=\"Castings - \u017delez\u00e1rny \u0160t\u011bp\u00e1nov I Sl\u00e9v\u00e1rna, CNC obrobna, d\u016fraz na kvalitu\" \/>\n<meta property=\"og:description\" content=\"[mk_page_section bg_image=&#8221;\/wp-content\/uploads\/2015\/06\/bg-odlitky.jpg&#8221; bg_position=&#8221;center top&#8221; bg_repeat=&#8221;no-repeat&#8221; bg_stretch=&#8221;true&#8221; min_height=&#8221;250&#8243; padding_top=&#8221;200&#8243; padding_bottom=&#8221;0&#8243; el_class=&#8221;zahlavi-obrazek&#8221; first_page=&#8221;false&#8221; last_page=&#8221;false&#8221; sidebar=&#8221;sidebar-1&#8243;][vc_column][mk_fancy_title tag_name=&#8221;h1&#8243; color=&#8221;#ffffff&#8221; size=&#8221;60&#8243; font_weight=&#8221;900&#8243; font_style=&#8221;normal&#8221; txt_transform=&#8221;uppercase&#8221; margin_bottom=&#8221;0&#8243; font_family=&#8221;none&#8221; align=&#8221;center&#8221; el_class=&#8221;CoreSansA75ExtraBold&#8221;] We produce castings weighing up to 3500 kg [\/mk_fancy_title][\/vc_column][\/mk_page_section][mk_page_section bg_color=&#8221;#ffffff&#8221; speed_factor=&#8221;4&#8243; padding_top=&#8221;50&#8243; sidebar=&#8221;sidebar-1&#8243; first_page=&#8221;false&#8221; last_page=&#8221;false&#8221;][vc_column][vc_row_inner padding=&#8221;0&#8243;][vc_column_inner width=&#8221;1\/6&#8243;] [\/vc_column_inner][vc_column_inner width=&#8221;2\/3&#8243;][mk_fancy_title color=&#8221;#04163e&#8221; size=&#8221;38&#8243; font_weight=&#8221;bold&#8221; txt_transform=&#8221;uppercase&#8221; margin_bottom=&#8221;0&#8243; font_family=&#8221;none&#8221; align=&#8221;center&#8221;]The production capacity of our foundry is [&hellip;]\" \/>\n<meta property=\"og:url\" content=\"https:\/\/www.zelezarny.cz\/en\/castings\/\" \/>\n<meta property=\"og:site_name\" content=\"\u017delez\u00e1rny \u0160t\u011bp\u00e1nov I Sl\u00e9v\u00e1rna, CNC obrobna, d\u016fraz na kvalitu\" \/>\n<meta property=\"article:modified_time\" content=\"2025-04-15T13:55:50+00:00\" \/>\n<meta name=\"twitter:card\" content=\"summary_large_image\" \/>\n<meta name=\"twitter:label1\" content=\"Est. reading time\" \/>\n\t<meta name=\"twitter:data1\" content=\"3 minutes\" \/>\n<script type=\"application\/ld+json\" class=\"yoast-schema-graph\">{\"@context\":\"https:\/\/schema.org\",\"@graph\":[{\"@type\":\"WebSite\",\"@id\":\"https:\/\/www.zelezarny.cz\/#website\",\"url\":\"https:\/\/www.zelezarny.cz\/\",\"name\":\"\\u017delez\\u00e1rny \\u0160t\\u011bp\\u00e1nov I Sl\\u00e9v\\u00e1rna, CNC obrobna, d\\u016fraz na kvalitu\",\"description\":\"\",\"potentialAction\":[{\"@type\":\"SearchAction\",\"target\":\"https:\/\/www.zelezarny.cz\/?s={search_term_string}\",\"query-input\":\"required name=search_term_string\"}],\"inLanguage\":\"en-US\"},{\"@type\":\"WebPage\",\"@id\":\"https:\/\/www.zelezarny.cz\/en\/castings\/#webpage\",\"url\":\"https:\/\/www.zelezarny.cz\/en\/castings\/\",\"name\":\"Castings - \\u017delez\\u00e1rny \\u0160t\\u011bp\\u00e1nov I Sl\\u00e9v\\u00e1rna, CNC obrobna, d\\u016fraz na kvalitu\",\"isPartOf\":{\"@id\":\"https:\/\/www.zelezarny.cz\/#website\"},\"datePublished\":\"2015-06-04T08:57:22+00:00\",\"dateModified\":\"2025-04-15T13:55:50+00:00\",\"breadcrumb\":{\"@id\":\"https:\/\/www.zelezarny.cz\/en\/castings\/#breadcrumb\"},\"inLanguage\":\"en-US\",\"potentialAction\":[{\"@type\":\"ReadAction\",\"target\":[\"https:\/\/www.zelezarny.cz\/en\/castings\/\"]}]},{\"@type\":\"BreadcrumbList\",\"@id\":\"https:\/\/www.zelezarny.cz\/en\/castings\/#breadcrumb\",\"itemListElement\":[{\"@type\":\"ListItem\",\"position\":1,\"item\":{\"@type\":\"WebPage\",\"@id\":\"https:\/\/www.zelezarny.cz\/en\/\",\"url\":\"https:\/\/www.zelezarny.cz\/en\/\",\"name\":\"Dom\\u016f\"}},{\"@type\":\"ListItem\",\"position\":2,\"item\":{\"@id\":\"https:\/\/www.zelezarny.cz\/en\/castings\/#webpage\"}}]}]}<\/script>\n<!-- \/ Yoast SEO plugin. -->","_links":{"self":[{"href":"https:\/\/www.zelezarny.cz\/en\/wp-json\/wp\/v2\/pages\/5702"}],"collection":[{"href":"https:\/\/www.zelezarny.cz\/en\/wp-json\/wp\/v2\/pages"}],"about":[{"href":"https:\/\/www.zelezarny.cz\/en\/wp-json\/wp\/v2\/types\/page"}],"author":[{"embeddable":true,"href":"https:\/\/www.zelezarny.cz\/en\/wp-json\/wp\/v2\/users\/1"}],"replies":[{"embeddable":true,"href":"https:\/\/www.zelezarny.cz\/en\/wp-json\/wp\/v2\/comments?post=5702"}],"version-history":[{"count":3,"href":"https:\/\/www.zelezarny.cz\/en\/wp-json\/wp\/v2\/pages\/5702\/revisions"}],"predecessor-version":[{"id":7304,"href":"https:\/\/www.zelezarny.cz\/en\/wp-json\/wp\/v2\/pages\/5702\/revisions\/7304"}],"wp:attachment":[{"href":"https:\/\/www.zelezarny.cz\/en\/wp-json\/wp\/v2\/media?parent=5702"}],"curies":[{"name":"wp","href":"https:\/\/api.w.org\/{rel}","templated":true}]}}