{"id":6853,"date":"2014-08-14T17:08:18","date_gmt":"2014-08-14T15:08:18","guid":{"rendered":"http:\/\/artbees.net\/themes\/jupiter\/?page_id=8"},"modified":"2024-05-17T12:04:19","modified_gmt":"2024-05-17T10:04:19","slug":"startseite","status":"publish","type":"page","link":"https:\/\/www.zelezarny.cz\/de\/","title":{"rendered":"Startseite"},"content":{"rendered":"[mk_page_section bg_image=&#8221;\/wp-content\/uploads\/2014\/08\/bg-home3.jpg&#8221; bg_repeat=&#8221;no-repeat&#8221; padding_top=&#8221;240&#8243; padding_bottom=&#8221;75&#8243; el_class=&#8221;home-cover&#8221; first_page=&#8221;false&#8221; last_page=&#8221;false&#8221; sidebar=&#8221;sidebar-1&#8243;][vc_column][mk_fancy_title tag_name=&#8221;h1&#8243; color=&#8221;#ffffff&#8221; size=&#8221;60&#8243; font_weight=&#8221;900&#8243; font_style=&#8221;normal&#8221; txt_transform=&#8221;uppercase&#8221; margin_bottom=&#8221;40&#8243; font_family=&#8221;none&#8221; align=&#8221;center&#8221; el_class=&#8221;CoreSansA75ExtraBold&#8221;]<span style=\"text-shadow: 0 0 10px #160c4b;\">Guss ist unsere Berufung<br \/>\n<\/span>[\/mk_fancy_title][vc_row_inner padding=&#8221;0&#8243;][vc_column_inner width=&#8221;1\/4&#8243;][mk_fancy_title tag_name=&#8221;h4&#8243; color=&#8221;rgba(255,255,255,0.9)&#8221; size=&#8221;18&#8243; margin_bottom=&#8221;18&#8243; font_family=&#8221;none&#8221; align=&#8221;center&#8221;]Wir beliefern unsere Kunden mit Teilen aus Grauguss und Sph\u00e4roguss[\/mk_fancy_title][\/vc_column_inner][vc_column_inner width=&#8221;1\/4&#8243;][mk_fancy_title tag_name=&#8221;h4&#8243; color=&#8221;rgba(255,255,255,0.9)&#8221; size=&#8221;18&#8243; margin_bottom=&#8221;18&#8243; font_family=&#8221;none&#8221; align=&#8221;center&#8221;]Wir erzeugen Gussteile bis 3500 kg[\/mk_fancy_title][\/vc_column_inner][vc_column_inner width=&#8221;1\/4&#8243;][mk_fancy_title tag_name=&#8221;h4&#8243; color=&#8221;rgba(255,255,255,0.9)&#8221; size=&#8221;18&#8243; margin_bottom=&#8221;18&#8243; font_family=&#8221;none&#8221; align=&#8221;center&#8221;]Bei uns k\u00f6nnen Sie sowohl Serienproduktion, als auch Einzelteile bestellen[\/mk_fancy_title][\/vc_column_inner][vc_column_inner width=&#8221;1\/4&#8243;][mk_fancy_title tag_name=&#8221;h4&#8243; color=&#8221;rgba(255,255,255,0.9)&#8221; size=&#8221;18&#8243; margin_bottom=&#8221;18&#8243; font_family=&#8221;none&#8221; align=&#8221;center&#8221;]Wir bieten vollst\u00e4ndige L\u00f6sungen an &#8211; Entwicklung, Modelleinrichtung, Gussteil, Oberfl\u00e4chenbehandlung, W\u00e4rmebehandlung, mechanische Bearbeitung und Versand[\/mk_fancy_title][\/vc_column_inner][\/vc_row_inner][\/vc_column][\/mk_page_section][vc_row][vc_column width=&#8221;1\/6&#8243;][vc_column_text]\n[\/vc_column_text][\/vc_column][vc_column width=&#8221;2\/3&#8243;][mk_fancy_title tag_name=&#8221;h3&#8243; color=&#8221;#f33f00&#8243; size=&#8221;26&#8243; font_weight=&#8221;normal&#8221; font_style=&#8221;inhert&#8221; margin_top=&#8221;-10&#8243; margin_bottom=&#8221;18&#8243; font_family=&#8221;none&#8221; align=&#8221;center&#8221;]\n<p>Unser Name steht seit mehr als hundert Jahren f\u00fcr h\u00f6chste Qualit\u00e4t und einzigartiges Know-How. Wir hatten genug Zeit, um unsere Produktionsabl\u00e4ufe zu meistern.<\/p>\n[\/mk_fancy_title][vc_column_text disable_pattern=&#8221;false&#8221; align=&#8221;center&#8221; margin_bottom=&#8221;10&#8243; css=&#8221;.vc_custom_1408123292551{margin-bottom: 0px !important;}&#8221;]Wir nutzen nur die modernsten Technologien. Dank unserer ausf\u00fchrlichen Dokumentation sind wir stets in der Lage, jeden Produktionsschritt zur\u00fcckzuverfolgen und daran kontinuierlich zu kn\u00fcpfen. Wir halten die strengsten Qualit\u00e4tsstandards ein.<\/p>\n<p>Unser Handeln ist stets kundenorientiert und freundlich.[\/vc_column_text][mk_divider style=&#8221;thin_solid&#8221; divider_width=&#8221;custom_width&#8221; custom_width=&#8221;35&#8243; thickness=&#8221;3&#8243; margin_top=&#8221;24&#8243; margin_bottom=&#8221;40&#8243;][\/vc_column][vc_column width=&#8221;1\/6&#8243;][vc_column_text]\n[\/vc_column_text][\/vc_column][\/vc_row][mk_page_section bg_color=&#8221;#ffffff&#8221; speed_factor=&#8221;4&#8243; padding_top=&#8221;50&#8243; padding_bottom=&#8221;30&#8243; predefined_bg=&#8221;&#8221; first_page=&#8221;false&#8221; last_page=&#8221;false&#8221; sidebar=&#8221;sidebar-1&#8243;][vc_column][mk_fancy_title color=&#8221;#04163e&#8221; size=&#8221;38&#8243; font_weight=&#8221;bold&#8221; font_style=&#8221;inhert&#8221; txt_transform=&#8221;uppercase&#8221; margin_bottom=&#8221;40&#8243; font_family=&#8221;none&#8221; align=&#8221;center&#8221;]\n<p>Moderne Produktionsst\u00e4tte, innovative und hochentwickelte Fertigungsanlagen ordnen uns zum flexiblen Partner und zuverl\u00e4ssigen Dienstleister.<\/p>\n[\/mk_fancy_title][mk_imagebox show_as=&#8221;column&#8221; column=&#8221;4&#8243; padding=&#8221;10&#8243;][mk_imagebox_item item_image=&#8221;\/wp-content\/uploads\/2014\/08\/motory.png&#8221; background_color=&#8221;#ffffff&#8221; item_title=&#8221;Motorengeh\u00e4use und Lagerschilde&#8221; title_text_size=&#8221;22&#8243; title_font_weight=&#8221;normal&#8221; title_color=&#8221;#333333&#8243;][\/mk_imagebox_item][mk_imagebox_item item_image=&#8221;\/wp-content\/uploads\/2014\/08\/prevodovky.png&#8221; background_color=&#8221;#ffffff&#8221; item_title=&#8221;Getriebegeh\u00e4use&#8221; title_text_size=&#8221;22&#8243; title_color=&#8221;#333333&#8243;][\/mk_imagebox_item][mk_imagebox_item item_image=&#8221;\/wp-content\/uploads\/2014\/08\/armatury.png&#8221; background_color=&#8221;#ffffff&#8221; item_title=&#8221;Pumpengeh\u00e4use&#8221; title_text_size=&#8221;22&#8243; title_color=&#8221;#333333&#8243;][\/mk_imagebox_item][mk_imagebox_item item_image=&#8221;\/wp-content\/uploads\/2014\/08\/soucasti.png&#8221; background_color=&#8221;#ffffff&#8221; item_title=&#8221;Geh\u00e4use f\u00fcr Bearbeitungsmaschinen und andere Maschinenteile&#8221; title_text_size=&#8221;22&#8243; title_color=&#8221;#333333&#8243;][\/mk_imagebox_item][\/mk_imagebox][\/vc_column][\/mk_page_section][mk_page_section bg_repeat=&#8221;no-repeat&#8221; bg_stretch=&#8221;true&#8221; padding_top=&#8221;90&#8243; padding_bottom=&#8221;50&#8243; sidebar=&#8221;sidebar-1&#8243; first_page=&#8221;false&#8221; last_page=&#8221;false&#8221;][vc_column][mk_fancy_title color=&#8221;#04163e&#8221; size=&#8221;38&#8243; font_weight=&#8221;bold&#8221; font_style=&#8221;inhert&#8221; txt_transform=&#8221;uppercase&#8221; margin_bottom=&#8221;40&#8243; font_family=&#8221;none&#8221; align=&#8221;center&#8221;]\n<p>Offene Kommunikation nach au\u00dfen geh\u00f6rt zu den wichtigsten Bestandteilen unserer Strategie.<\/p>\n[\/mk_fancy_title][mk_imagebox show_as=&#8221;column&#8221; column=&#8221;4&#8243; padding=&#8221;10&#8243;][mk_imagebox_item item_image=&#8221;\/wp-content\/uploads\/2015\/09\/siemens-200.png&#8221; background_color=&#8221;#ffffff&#8221; title_text_size=&#8221;22&#8243; title_font_weight=&#8221;normal&#8221; title_color=&#8221;#333333&#8243;][\/mk_imagebox_item][mk_imagebox_item item_image=&#8221;\/wp-content\/uploads\/2015\/09\/renold-200.png&#8221; background_color=&#8221;#ffffff&#8221; title_text_size=&#8221;22&#8243; title_color=&#8221;#333333&#8243;][\/mk_imagebox_item][mk_imagebox_item item_image=&#8221;\/wp-content\/uploads\/2015\/09\/ksb-200.png&#8221; background_color=&#8221;#ffffff&#8221; title_text_size=&#8221;22&#8243; title_color=&#8221;#333333&#8243;][\/mk_imagebox_item][mk_imagebox_item item_image=&#8221;\/wp-content\/uploads\/2015\/09\/bonfiglioli-200.png&#8221; background_color=&#8221;#ffffff&#8221; title_text_size=&#8221;22&#8243; title_color=&#8221;#333333&#8243;][\/mk_imagebox_item][\/mk_imagebox][\/vc_column][\/mk_page_section][mk_page_section bg_color=&#8221;#ffffff&#8221; video_opacity=&#8221;1&#8243; el_class=&#8221;home-proces&#8221; predefined_bg=&#8221;&#8221; first_page=&#8221;false&#8221; last_page=&#8221;false&#8221; sidebar=&#8221;sidebar-1&#8243;][vc_column][mk_padding_divider size=&#8221;50&#8243;][mk_fancy_title color=&#8221;#04163e&#8221; size=&#8221;38&#8243; font_weight=&#8221;bold&#8221; font_style=&#8221;inhert&#8221; txt_transform=&#8221;uppercase&#8221; margin_bottom=&#8221;40&#8243; font_family=&#8221;none&#8221; align=&#8221;center&#8221;]<span style=\"font-weight: 400;\"> Beratung, Entwicklung, Wertanalyse und Konstruktion bilden in unserem Hause die Grundlagen f\u00fcr technisch und wirtschaftlich perfekt ausgelegten Gussteile.<br \/>\n<\/span>[\/mk_fancy_title][vc_raw_html]\n<p>JTNDdWwlMjBjbGFzcyUzRCUyMmhvbWVwYWdlLWZlYXR1cmVzLWJveGVzJTIyJTNFJTBBJTNDbGklM0UlMEElM0NkaXYlMjBjbGFzcyUzRCUyMmhvbWVwYWdlLWZlYXR1cmVzLWJveCUyMiUzRSUwQSUzQ2RpdiUyMGNsYXNzJTNEJTIyaG9tZXBhZ2UtZmVhdHVyZXMtYm94X19pbWFnZSUyMiUzRSUzQ2ltZyUyMHNyYyUzRCUyMiUyRndwLWNvbnRlbnQlMkZ1cGxvYWRzJTJGMjAxNSUyRjA5JTJGdnl2b2oucG5nJTIyJTIwYWx0JTNEJTIyJTIyJTIwJTJGJTNFJTNDJTJGZGl2JTNFJTBBJTNDZGl2JTIwY2xhc3MlM0QlMjJob21lcGFnZS1mZWF0dXJlcy1ib3hfX3RpdGxlJTIyJTNFRW50d2lja2x1bmclMEElM0MlMkZkaXYlM0UlMEElM0MlMkZkaXYlM0UlMEElM0MlMkZsaSUzRSUwQSUzQ2xpJTIwY2xhc3MlM0QlMjJ5ZWxsb3ctbGluZSUyMiUzRSUzQyUyRmxpJTNFJTBBJTNDbGklM0UlMEElM0NkaXYlMjBjbGFzcyUzRCUyMmhvbWVwYWdlLWZlYXR1cmVzLWJveCUyMiUzRSUwQSUzQ2RpdiUyMGNsYXNzJTNEJTIyaG9tZXBhZ2UtZmVhdHVyZXMtYm94X19pbWFnZSUyMiUzRSUwQSUzQ2ltZyUyMHNyYyUzRCUyMiUyRndwLWNvbnRlbnQlMkZ1cGxvYWRzJTJGMjAxNSUyRjA5JTJGdnlyb2JhLW1vZGVsdS5wbmclMjIlMjBhbHQlM0QlMjIlMjIlMjAlMkYlM0UlMEElM0MlMkZkaXYlM0UlMEElM0NkaXYlMjBjbGFzcyUzRCUyMmhvbWVwYWdlLWZlYXR1cmVzLWJveF9fdGl0bGUlMjIlM0VNb2RlbGxiYXUlMjB1bmQlM0NiciUyRiUzRUZvcm1lbiUwQSUzQyUyRmRpdiUzRSUwQSUzQyUyRmRpdiUzRSUwQSUzQyUyRmxpJTNFJTBBJTNDbGklMjBjbGFzcyUzRCUyMnllbGxvdy1saW5lJTIyJTNFJTNDJTJGbGklM0UlMEElM0NsaSUzRSUwQSUzQ2RpdiUyMGNsYXNzJTNEJTIyaG9tZXBhZ2UtZmVhdHVyZXMtYm94JTIyJTNFJTBBJTNDZGl2JTIwY2xhc3MlM0QlMjJob21lcGFnZS1mZWF0dXJlcy1ib3hfX2ltYWdlJTIyJTNFJTBBJTNDaW1nJTIwc3JjJTNEJTIyJTJGd3AtY29udGVudCUyRnVwbG9hZHMlMkYyMDE1JTJGMDklMkZvZGxldmFuaS5wbmclMjIlMjBhbHQlM0QlMjIlMjIlMjAlMkYlM0UlMEElM0MlMkZkaXYlM0UlMEElM0NkaXYlMjBjbGFzcyUzRCUyMmhvbWVwYWdlLWZlYXR1cmVzLWJveF9fdGl0bGUlMjIlM0VHaWVzc3ZlcmZhaHJlbiUwQSUzQyUyRmRpdiUzRSUwQSUzQyUyRmRpdiUzRSUwQSUzQyUyRmxpJTNFJTBBJTNDbGklMjBjbGFzcyUzRCUyMnllbGxvdy1saW5lJTIyJTNFJTNDJTJGbGklM0UlMEElM0NsaSUzRSUwQSUzQ2RpdiUyMGNsYXNzJTNEJTIyaG9tZXBhZ2UtZmVhdHVyZXMtYm94JTIyJTNFJTBBJTNDZGl2JTIwY2xhc3MlM0QlMjJob21lcGFnZS1mZWF0dXJlcy1ib3hfX2ltYWdlJTIyJTNFJTBBJTNDaW1nJTIwc3JjJTNEJTIyJTJGd3AtY29udGVudCUyRnVwbG9hZHMlMkYyMDE1JTJGMDklMkZwb3ZyY2hvdmEtdXByYXZhLnBuZyUyMiUyMGFsdCUzRCUyMiUyMiUyMCUyRiUzRSUwQSUzQyUyRmRpdiUzRSUwQSUzQ2RpdiUyMGNsYXNzJTNEJTIyaG9tZXBhZ2UtZmVhdHVyZXMtYm94X190aXRsZSUyMiUzRU9iZXJmbCVDMyVBNGNoZW5iZWhhbmRsdW5nJTBBJTNDJTJGZGl2JTNFJTBBJTNDJTJGZGl2JTNFJTBBJTNDJTJGbGklM0UlMEElM0MlMkZ1bCUzRSUwQSUwQSUwQSUzQ3VsJTIwY2xhc3MlM0QlMjJob21lcGFnZS1mZWF0dXJlcy1ib3hlcyUyMiUzRSUwQSUzQ2xpJTNFJTBBJTNDZGl2JTIwY2xhc3MlM0QlMjJob21lcGFnZS1mZWF0dXJlcy1ib3glMjIlM0UlMEElM0NkaXYlMjBjbGFzcyUzRCUyMmhvbWVwYWdlLWZlYXR1cmVzLWJveF9faW1hZ2UlMjIlM0UlMEElM0NpbWclMjBzcmMlM0QlMjIlMkZ3cC1jb250ZW50JTJGdXBsb2FkcyUyRjIwMTUlMkYxMCUyRmxha292YW5pLnBuZyUyMiUyMGFsdCUzRCUyMiUyMiUyMCUyRiUzRSUwQSUzQyUyRmRpdiUzRSUwQSUzQ2RpdiUyMGNsYXNzJTNEJTIyaG9tZXBhZ2UtZmVhdHVyZXMtYm94X190aXRsZSUyMiUzRUxhY2tpZXJ1bmclM0MlMkZkaXYlM0UlMEElM0MlMkZkaXYlM0UlMEElM0MlMkZsaSUzRSUwQSUzQ2xpJTIwY2xhc3MlM0QlMjJ5ZWxsb3ctbGluZSUyMiUzRSUzQyUyRmxpJTNFJTBBJTNDbGklM0UlMEElM0NkaXYlMjBjbGFzcyUzRCUyMmhvbWVwYWdlLWZlYXR1cmVzLWJveCUyMiUzRSUwQSUzQ2RpdiUyMGNsYXNzJTNEJTIyaG9tZXBhZ2UtZmVhdHVyZXMtYm94X19pbWFnZSUyMiUzRSUwQSUzQ2ltZyUyMHNyYyUzRCUyMiUyRndwLWNvbnRlbnQlMkZ1cGxvYWRzJTJGMjAxNSUyRjEwJTJGb3ByYWNvdmFuaS5wbmclMjIlMjBhbHQlM0QlMjIlMjIlMjAlMkYlM0UlMEElM0MlMkZkaXYlM0UlMEElM0NkaXYlMjBjbGFzcyUzRCUyMmhvbWVwYWdlLWZlYXR1cmVzLWJveF9fdGl0bGUlMjIlM0VNZWNoYW5pc2NoZSUzQ2JyJTJGJTNFQmVhcmJlaXR1bmclM0MlMkZkaXYlM0UlMEElM0MlMkZkaXYlM0UlMEElM0MlMkZsaSUzRSUwQSUzQ2xpJTIwY2xhc3MlM0QlMjJ5ZWxsb3ctbGluZSUyMiUzRSUzQyUyRmxpJTNFJTBBJTNDbGklM0UlMEElM0NkaXYlMjBjbGFzcyUzRCUyMmhvbWVwYWdlLWZlYXR1cmVzLWJveCUyMiUzRSUwQSUzQ2RpdiUyMGNsYXNzJTNEJTIyaG9tZXBhZ2UtZmVhdHVyZXMtYm94X19pbWFnZSUyMiUzRSUwQSUzQ2ltZyUyMHNyYyUzRCUyMiUyRndwLWNvbnRlbnQlMkZ1cGxvYWRzJTJGMjAxNSUyRjA5JTJGZGlzdHJpYnVjZS5wbmclMjIlMjBhbHQlM0QlMjIlMjIlMjAlMkYlM0UlMEElM0MlMkZkaXYlM0UlMEElM0NkaXYlMjBjbGFzcyUzRCUyMmhvbWVwYWdlLWZlYXR1cmVzLWJveF9fdGl0bGUlMjIlM0VWZXJzYW5kJTBBJTNDJTJGZGl2JTNFJTBBJTNDJTJGZGl2JTNFJTBBJTNDJTJGbGklM0UlMEElMEElM0MlMkZ1bCUzRQ==<\/p>\n[\/vc_raw_html][vc_video link=&#8221;https:\/\/www.youtube.com\/watch?v=dfHitJB2gFg&#8221;][mk_padding_divider size=&#8221;50&#8243;][\/vc_column][\/mk_page_section][mk_page_section bg_image=&#8221;\/wp-content\/uploads\/2015\/06\/bg-kontrola-kvality.jpg&#8221; bg_position=&#8221;center top&#8221; bg_repeat=&#8221;no-repeat&#8221; bg_stretch=&#8221;true&#8221; padding_top=&#8221;90&#8243; padding_bottom=&#8221;50&#8243; first_page=&#8221;false&#8221; last_page=&#8221;false&#8221; sidebar=&#8221;sidebar-1&#8243;][vc_column][mk_button dimension=&#8221;flat&#8221; size=&#8221;x-large&#8221; url=&#8221;https:\/\/www.zelezarny.cz\/de\/gussteile\/&#8221; align=&#8221;center&#8221; bg_color=&#8221;#ffec48&#8243; btn_hover_bg=&#8221;#092152&#8243; text_color=&#8221;dark&#8221; btn_hover_txt_color=&#8221;#ffffff&#8221;]Schauen Sie unsere Gussteile an:<\/p>\n[\/mk_button][\/vc_column][\/mk_page_section][vc_row padding=&#8221;0&#8243;][vc_column][vc_column_text]\n[\/vc_column_text][\/vc_column][\/vc_row]\n","protected":false},"excerpt":{"rendered":"<p>[mk_page_section bg_image=&#8221;\/wp-content\/uploads\/2014\/08\/bg-home3.jpg&#8221; bg_repeat=&#8221;no-repeat&#8221; padding_top=&#8221;240&#8243; padding_bottom=&#8221;75&#8243; el_class=&#8221;home-cover&#8221; first_page=&#8221;false&#8221; last_page=&#8221;false&#8221; sidebar=&#8221;sidebar-1&#8243;][vc_column][mk_fancy_title tag_name=&#8221;h1&#8243; color=&#8221;#ffffff&#8221; size=&#8221;60&#8243; font_weight=&#8221;900&#8243; font_style=&#8221;normal&#8221; txt_transform=&#8221;uppercase&#8221; margin_bottom=&#8221;40&#8243; font_family=&#8221;none&#8221; align=&#8221;center&#8221; el_class=&#8221;CoreSansA75ExtraBold&#8221;]Guss ist unsere Berufung [\/mk_fancy_title][vc_row_inner padding=&#8221;0&#8243;][vc_column_inner width=&#8221;1\/4&#8243;][mk_fancy_title tag_name=&#8221;h4&#8243; color=&#8221;rgba(255,255,255,0.9)&#8221; size=&#8221;18&#8243; margin_bottom=&#8221;18&#8243; font_family=&#8221;none&#8221; align=&#8221;center&#8221;]Wir beliefern unsere Kunden mit Teilen aus Grauguss und Sph\u00e4roguss[\/mk_fancy_title][\/vc_column_inner][vc_column_inner width=&#8221;1\/4&#8243;][mk_fancy_title tag_name=&#8221;h4&#8243; color=&#8221;rgba(255,255,255,0.9)&#8221; size=&#8221;18&#8243; margin_bottom=&#8221;18&#8243; font_family=&#8221;none&#8221; align=&#8221;center&#8221;]Wir erzeugen Gussteile bis 3500 kg[\/mk_fancy_title][\/vc_column_inner][vc_column_inner width=&#8221;1\/4&#8243;][mk_fancy_title tag_name=&#8221;h4&#8243; color=&#8221;rgba(255,255,255,0.9)&#8221; [&hellip;]<\/p>\n","protected":false},"author":1,"featured_media":0,"parent":0,"menu_order":8,"comment_status":"open","ping_status":"open","template":"","meta":[],"yoast_head":"<!-- This site is optimized with the Yoast SEO plugin v16.4 - https:\/\/yoast.com\/wordpress\/plugins\/seo\/ -->\n<title>Startseite - \u017delez\u00e1rny \u0160t\u011bp\u00e1nov I Sl\u00e9v\u00e1rna, CNC obrobna, d\u016fraz na kvalitu<\/title>\n<meta name=\"robots\" content=\"index, follow, max-snippet:-1, max-image-preview:large, max-video-preview:-1\" \/>\n<link rel=\"canonical\" href=\"https:\/\/www.zelezarny.cz\/de\/\" \/>\n<meta property=\"og:locale\" content=\"de_DE\" \/>\n<meta property=\"og:type\" content=\"article\" \/>\n<meta property=\"og:title\" content=\"Startseite - \u017delez\u00e1rny \u0160t\u011bp\u00e1nov I Sl\u00e9v\u00e1rna, CNC obrobna, d\u016fraz na kvalitu\" \/>\n<meta property=\"og:description\" content=\"[mk_page_section bg_image=&#8221;\/wp-content\/uploads\/2014\/08\/bg-home3.jpg&#8221; bg_repeat=&#8221;no-repeat&#8221; padding_top=&#8221;240&#8243; padding_bottom=&#8221;75&#8243; el_class=&#8221;home-cover&#8221; first_page=&#8221;false&#8221; last_page=&#8221;false&#8221; sidebar=&#8221;sidebar-1&#8243;][vc_column][mk_fancy_title tag_name=&#8221;h1&#8243; color=&#8221;#ffffff&#8221; size=&#8221;60&#8243; font_weight=&#8221;900&#8243; font_style=&#8221;normal&#8221; txt_transform=&#8221;uppercase&#8221; margin_bottom=&#8221;40&#8243; font_family=&#8221;none&#8221; align=&#8221;center&#8221; el_class=&#8221;CoreSansA75ExtraBold&#8221;]Guss ist unsere Berufung [\/mk_fancy_title][vc_row_inner padding=&#8221;0&#8243;][vc_column_inner width=&#8221;1\/4&#8243;][mk_fancy_title tag_name=&#8221;h4&#8243; color=&#8221;rgba(255,255,255,0.9)&#8221; size=&#8221;18&#8243; margin_bottom=&#8221;18&#8243; font_family=&#8221;none&#8221; align=&#8221;center&#8221;]Wir beliefern unsere Kunden mit Teilen aus Grauguss und Sph\u00e4roguss[\/mk_fancy_title][\/vc_column_inner][vc_column_inner width=&#8221;1\/4&#8243;][mk_fancy_title tag_name=&#8221;h4&#8243; color=&#8221;rgba(255,255,255,0.9)&#8221; size=&#8221;18&#8243; margin_bottom=&#8221;18&#8243; font_family=&#8221;none&#8221; align=&#8221;center&#8221;]Wir erzeugen Gussteile bis 3500 kg[\/mk_fancy_title][\/vc_column_inner][vc_column_inner width=&#8221;1\/4&#8243;][mk_fancy_title tag_name=&#8221;h4&#8243; color=&#8221;rgba(255,255,255,0.9)&#8221; [&hellip;]\" \/>\n<meta property=\"og:url\" content=\"https:\/\/www.zelezarny.cz\/de\/\" \/>\n<meta property=\"og:site_name\" content=\"\u017delez\u00e1rny \u0160t\u011bp\u00e1nov I Sl\u00e9v\u00e1rna, CNC obrobna, d\u016fraz na kvalitu\" \/>\n<meta property=\"article:modified_time\" content=\"2024-05-17T10:04:19+00:00\" \/>\n<meta name=\"twitter:card\" content=\"summary_large_image\" \/>\n<meta name=\"twitter:label1\" content=\"Gesch\u00e4tzte Lesezeit\" \/>\n\t<meta name=\"twitter:data1\" content=\"2 Minuten\" \/>\n<script type=\"application\/ld+json\" class=\"yoast-schema-graph\">{\"@context\":\"https:\/\/schema.org\",\"@graph\":[{\"@type\":\"WebSite\",\"@id\":\"https:\/\/www.zelezarny.cz\/#website\",\"url\":\"https:\/\/www.zelezarny.cz\/\",\"name\":\"\\u017delez\\u00e1rny \\u0160t\\u011bp\\u00e1nov I Sl\\u00e9v\\u00e1rna, CNC obrobna, d\\u016fraz na kvalitu\",\"description\":\"\",\"potentialAction\":[{\"@type\":\"SearchAction\",\"target\":\"https:\/\/www.zelezarny.cz\/?s={search_term_string}\",\"query-input\":\"required name=search_term_string\"}],\"inLanguage\":\"de-DE\"},{\"@type\":\"WebPage\",\"@id\":\"https:\/\/www.zelezarny.cz\/de\/#webpage\",\"url\":\"https:\/\/www.zelezarny.cz\/de\/\",\"name\":\"Startseite - \\u017delez\\u00e1rny \\u0160t\\u011bp\\u00e1nov I Sl\\u00e9v\\u00e1rna, CNC obrobna, d\\u016fraz na kvalitu\",\"isPartOf\":{\"@id\":\"https:\/\/www.zelezarny.cz\/#website\"},\"datePublished\":\"2014-08-14T15:08:18+00:00\",\"dateModified\":\"2024-05-17T10:04:19+00:00\",\"breadcrumb\":{\"@id\":\"https:\/\/www.zelezarny.cz\/de\/#breadcrumb\"},\"inLanguage\":\"de-DE\",\"potentialAction\":[{\"@type\":\"ReadAction\",\"target\":[\"https:\/\/www.zelezarny.cz\/de\/\"]}]},{\"@type\":\"BreadcrumbList\",\"@id\":\"https:\/\/www.zelezarny.cz\/de\/#breadcrumb\",\"itemListElement\":[{\"@type\":\"ListItem\",\"position\":1,\"item\":{\"@type\":\"WebPage\",\"@id\":\"https:\/\/www.zelezarny.cz\/de\/\",\"url\":\"https:\/\/www.zelezarny.cz\/de\/\",\"name\":\"Dom\\u016f\"}},{\"@type\":\"ListItem\",\"position\":2,\"item\":{\"@id\":\"https:\/\/www.zelezarny.cz\/de\/#webpage\"}}]}]}<\/script>\n<!-- \/ Yoast SEO plugin. -->","_links":{"self":[{"href":"https:\/\/www.zelezarny.cz\/de\/wp-json\/wp\/v2\/pages\/6853"}],"collection":[{"href":"https:\/\/www.zelezarny.cz\/de\/wp-json\/wp\/v2\/pages"}],"about":[{"href":"https:\/\/www.zelezarny.cz\/de\/wp-json\/wp\/v2\/types\/page"}],"author":[{"embeddable":true,"href":"https:\/\/www.zelezarny.cz\/de\/wp-json\/wp\/v2\/users\/1"}],"replies":[{"embeddable":true,"href":"https:\/\/www.zelezarny.cz\/de\/wp-json\/wp\/v2\/comments?post=6853"}],"version-history":[{"count":1,"href":"https:\/\/www.zelezarny.cz\/de\/wp-json\/wp\/v2\/pages\/6853\/revisions"}],"predecessor-version":[{"id":7245,"href":"https:\/\/www.zelezarny.cz\/de\/wp-json\/wp\/v2\/pages\/6853\/revisions\/7245"}],"wp:attachment":[{"href":"https:\/\/www.zelezarny.cz\/de\/wp-json\/wp\/v2\/media?parent=6853"}],"curies":[{"name":"wp","href":"https:\/\/api.w.org\/{rel}","templated":true}]}}