{"id":6851,"date":"2015-08-23T15:11:45","date_gmt":"2015-08-23T14:11:45","guid":{"rendered":"http:\/\/www.zelezarny.cz\/de\/?page_id=6107"},"modified":"2021-11-18T16:12:12","modified_gmt":"2021-11-18T15:12:12","slug":"cnc-gesteuerte-bearbeitung","status":"publish","type":"page","link":"https:\/\/www.zelezarny.cz\/de\/cnc-gesteuerte-bearbeitung\/","title":{"rendered":"CNC gesteuerte bearbeitung"},"content":{"rendered":"[mk_page_section bg_image=&#8221;https:\/\/www.zelezarny.cz\/de\/wp-content\/uploads\/2015\/08\/IMG_0071-1-1.jpg&#8221; bg_position=&#8221;center top&#8221; bg_repeat=&#8221;no-repeat&#8221; min_height=&#8221;250&#8243; padding_top=&#8221;200&#8243; padding_bottom=&#8221;0&#8243; margin_bottom=&#8221;25&#8243; el_class=&#8221;zahlavi-obrazek&#8221; first_page=&#8221;false&#8221; last_page=&#8221;false&#8221; sidebar=&#8221;sidebar-1&#8243;][vc_column][mk_fancy_title tag_name=&#8221;h1&#8243; color=&#8221;#ffffff&#8221; size=&#8221;60&#8243; font_weight=&#8221;900&#8243; font_style=&#8221;normal&#8221; txt_transform=&#8221;uppercase&#8221; margin_bottom=&#8221;40&#8243; font_family=&#8221;none&#8221; align=&#8221;center&#8221; el_class=&#8221;CoreSansA75ExtraBold&#8221;]\n<p>CNC gesteuerte Bearbeitung<\/p>\n[\/mk_fancy_title][\/vc_column][\/mk_page_section][vc_row][vc_column width=&#8221;1\/6&#8243;][vc_column_text]\n[\/vc_column_text][\/vc_column][vc_column width=&#8221;2\/3&#8243;][vc_column_text disable_pattern=&#8221;false&#8221; align=&#8221;center&#8221; css=&#8221;.vc_custom_1408123292551{margin-bottom: 0px !important;}&#8221;]\n<p><span style=\"font-weight: 400;\">Wir verf\u00fcgen \u00fcber die M\u00f6glichkeit, die Teile mit\u00a0 CNC-gesteuerten Bearbeitungsmaschinen zu bearbeiten. Die Werksst\u00fccke k\u00f6nnen wir grob- oder fertigbearbeiten. F\u00fcr die Bearbeitung der Gussteile und Schwei\u00dfteile verwenden wir horizontale Bohr- und Fr\u00e4smaschinen. Wir bearbeiten die Teile mit maximallem Gewicht von 12 Tonnen. Die Ma\u00dfgenauigkeit \u00fcberpr\u00fcfen wir in einem 3D Messverfahren.\u00a0<\/span><\/p>\n[\/vc_column_text][vc_video link=&#8221;https:\/\/www.youtube.com\/watch?v=xMYJwXtboM4&#8243;][mk_fancy_title tag_name=&#8221;h3&#8243; color=&#8221;#f33f00&#8243; size=&#8221;28&#8243; font_weight=&#8221;normal&#8221; font_style=&#8221;inhert&#8221; margin_top=&#8221;15&#8243; margin_bottom=&#8221;15&#8243; font_family=&#8221;none&#8221; align=&#8221;center&#8221;]<span style=\"font-weight: 400;\">Wir verf\u00fcgen \u00fcber die modernsten Maschinenausr\u00fcstungen von den renommierten Hersteller TOS Varnsdorf und MTE.<br \/>\n<\/span>[\/mk_fancy_title][mk_padding_divider size=&#8221;25&#8243;][\/vc_column][vc_column width=&#8221;1\/6&#8243;][vc_column_text]\n[\/vc_column_text][\/vc_column][\/vc_row][mk_page_section predefined_bg=&#8221;&#8221; first_page=&#8221;false&#8221; last_page=&#8221;false&#8221;][vc_column width=&#8221;1\/3&#8243;][mk_image src=&#8221;\/wp-content\/uploads\/2015\/08\/WHN-110-800.jpg&#8221; crop=&#8221;false&#8221;][\/vc_column][vc_column width=&#8221;2\/3&#8243;][mk_fancy_title color=&#8221;#dd3333&#8243; size=&#8221;28&#8243; font_style=&#8221;inhert&#8221; margin_bottom=&#8221;18&#8243; font_family=&#8221;none&#8221;]\n<p>WAAGERECHT BOHR- UND FR\u00c4SWERK WHN 110<\/p>\n[\/mk_fancy_title][vc_column_text]<b>Technische Angaben<\/b><br \/>\nIm Jahr 2014 hergestellt<\/p>\n<p>Steuerung HEIDENHAIN iTNC 530<br \/>\nAusf\u00fchrung des Spindelkastens:125 mm mit dem Ausschub W=500 mm<br \/>\nVertikale Verstellung des Spindelkastens (Y):1 600 mm<\/p>\n<p>Mit dem querverstellbaren Drehtisch, max. Belastung 8 000 kg<br \/>\nAbmessungen der Tischaufspannfl\u00e4che 1 400 x 1 600 mm<\/p>\n<p>Querverstellung des Tisches (X):2 500 mm<br \/>\nL\u00e4ngsverstellung des St\u00e4nders (Z): 1 250 mm<br \/>\n[\/vc_column_text][\/vc_column][\/mk_page_section][vc_row padding=&#8221;0&#8243;][vc_column][mk_divider style=&#8221;thin_solid&#8221; margin_bottom=&#8221;60&#8243;][\/vc_column][\/vc_row][mk_page_section predefined_bg=&#8221;&#8221; first_page=&#8221;false&#8221; last_page=&#8221;false&#8221;][vc_column width=&#8221;1\/3&#8243;][mk_image src=&#8221;\/wp-content\/uploads\/2015\/08\/IMG_4070-1.jpg&#8221; crop=&#8221;false&#8221;][\/vc_column][vc_column width=&#8221;2\/3&#8243;][mk_fancy_title color=&#8221;#dd3333&#8243; size=&#8221;28&#8243; font_style=&#8221;inhert&#8221; margin_bottom=&#8221;18&#8243; font_family=&#8221;none&#8221;]\n<p>WAAGERECHT BOHR- UND FR\u00c4SWERK WHN 13 CNC<\/p>\n[\/mk_fancy_title][vc_column_text]<b>Technische Angaben<\/b><br \/>\nIm Jahr 2015 hergestellt<\/p>\n<p>Steuerung HEIDENHAIN iTNC 530<br \/>\nAusf\u00fchrung des Spindelkastens:130 mm mit dem Ausschub W=800 mm<br \/>\nVertikale Verstellung des Spindelkastens (Y): 3 000 mm<\/p>\n<p>Mit dem querverstellbaren Drehtisch, max. Belastung 12 000 kg<br \/>\nAbmessungen der Tischaufspannfl\u00e4che 1 800 x 2 500 mm<\/p>\n<p>Querverstellung des Tisches (X): 4 000 mm<br \/>\nL\u00e4ngsverstellung des St\u00e4nders (Z): 1 600 mm<br \/>\n[\/vc_column_text][mk_padding_divider size=&#8221;30&#8243;][\/vc_column][\/mk_page_section][mk_page_section predefined_bg=&#8221;&#8221; first_page=&#8221;false&#8221; last_page=&#8221;false&#8221;][vc_column width=&#8221;1\/3&#8243;][mk_image src=&#8221;http:\/\/www.zelezarny.cz\/de\/wp-content\/uploads\/2015\/08\/IDG_1159.jpg&#8221; crop=&#8221;false&#8221;][\/vc_column][vc_column width=&#8221;2\/3&#8243;][mk_fancy_title color=&#8221;#dd3333&#8243; size=&#8221;28&#8243; font_style=&#8221;inhert&#8221; margin_bottom=&#8221;18&#8243; font_family=&#8221;none&#8221;]\n<p>MTE Bettfr\u00e4smaschine RT2000<\/p>\n[\/mk_fancy_title][vc_column_text]\n<div class=\"\">\n<p>Im Jahr 2019 hergestellt<\/p>\n<p>Steuerung HEIDENHAIN iTNC 530<br \/>\nVertikale Verstellung des Spindelkastens (Y):1 500 mm<\/p>\n<p>Mit dem querverstellbaren Drehtisch, max. Belastung 5 000 kg<br \/>\nAbmessungen der Tischaufspannfl\u00e4che 1 250 x 1 500 mm<\/p>\n<p>Querverstellung des Tisches (X):2 000 mm<br \/>\nL\u00e4ngsverstellung des St\u00e4nders (Z): 1 250 mm<\/p>\n<\/div>\n[\/vc_column_text][mk_padding_divider size=&#8221;30&#8243;][\/vc_column][\/mk_page_section][vc_row padding=&#8221;0&#8243;][vc_column][mk_divider style=&#8221;thin_solid&#8221; margin_bottom=&#8221;60&#8243;][\/vc_column][\/vc_row][vc_row padding=&#8221;0&#8243;][vc_column width=&#8221;1\/6&#8243;][vc_column_text]\n[\/vc_column_text][\/vc_column][vc_column width=&#8221;2\/3&#8243;][mk_fancy_title tag_name=&#8221;h3&#8243; color=&#8221;#dd3333&#8243; size=&#8221;28&#8243; font_weight=&#8221;normal&#8221; font_style=&#8221;inhert&#8221; margin_bottom=&#8221;45&#8243; font_family=&#8221;none&#8221; align=&#8221;center&#8221;]\n<p>Wir sorgen f\u00fcr eine pr\u00e4zise Produktion aber ebenso wichtig f\u00fcr uns ist die Qualit\u00e4tskontrolle. Sie k\u00f6nnen sich selbst \u00fcberzeugen.<\/p>\n[\/mk_fancy_title][\/vc_column][vc_column width=&#8221;1\/6&#8243;][vc_column_text]\n[\/vc_column_text][\/vc_column][\/vc_row][mk_page_section bg_image=&#8221;\/wp-content\/uploads\/2014\/08\/bg-home3.jpg&#8221; bg_position=&#8221;center top&#8221; bg_repeat=&#8221;no-repeat&#8221; bg_stretch=&#8221;true&#8221; padding_top=&#8221;90&#8243; padding_bottom=&#8221;50&#8243; first_page=&#8221;false&#8221; last_page=&#8221;false&#8221; sidebar=&#8221;sidebar-1&#8243;][vc_column][mk_fancy_title color=&#8221;#ffffff&#8221; size=&#8221;38&#8243; font_style=&#8221;inhert&#8221; margin_bottom=&#8221;0&#8243; font_family=&#8221;none&#8221; align=&#8221;center&#8221; el_class=&#8221;cta-kontakt&#8221;]<span style=\"font-weight: 400; text-shadow: 0 0 10px #160c4b;\">Wir sorgen f\u00fcr eine pr\u00e4zise Produktion aber ebenso wichtig f\u00fcr uns ist die Qualit\u00e4tskontrolle. Sie k\u00f6nnen sich selbst \u00fcberzeugen.<br \/>\n<\/span>[\/mk_fancy_title][mk_button dimension=&#8221;flat&#8221; size=&#8221;x-large&#8221; url=&#8221;https:\/\/www.zelezarny.cz\/de\/qualitatskontrolle\/&#8221; align=&#8221;center&#8221; bg_color=&#8221;#ffec48&#8243; btn_hover_bg=&#8221;#092152&#8243; text_color=&#8221;dark&#8221; btn_hover_txt_color=&#8221;#ffffff&#8221;]Erfahren Sie mehr \u00fcber unsere Qualit\u00e4tsicherung<\/p>\n[\/mk_button][\/vc_column][\/mk_page_section]\n","protected":false},"excerpt":{"rendered":"<p>[mk_page_section bg_image=&#8221;https:\/\/www.zelezarny.cz\/de\/wp-content\/uploads\/2015\/08\/IMG_0071-1-1.jpg&#8221; bg_position=&#8221;center top&#8221; bg_repeat=&#8221;no-repeat&#8221; min_height=&#8221;250&#8243; padding_top=&#8221;200&#8243; padding_bottom=&#8221;0&#8243; margin_bottom=&#8221;25&#8243; el_class=&#8221;zahlavi-obrazek&#8221; first_page=&#8221;false&#8221; last_page=&#8221;false&#8221; sidebar=&#8221;sidebar-1&#8243;][vc_column][mk_fancy_title tag_name=&#8221;h1&#8243; color=&#8221;#ffffff&#8221; size=&#8221;60&#8243; font_weight=&#8221;900&#8243; font_style=&#8221;normal&#8221; txt_transform=&#8221;uppercase&#8221; margin_bottom=&#8221;40&#8243; font_family=&#8221;none&#8221; align=&#8221;center&#8221; el_class=&#8221;CoreSansA75ExtraBold&#8221;] CNC gesteuerte Bearbeitung [\/mk_fancy_title][\/vc_column][\/mk_page_section][vc_row][vc_column width=&#8221;1\/6&#8243;][vc_column_text] [\/vc_column_text][\/vc_column][vc_column width=&#8221;2\/3&#8243;][vc_column_text disable_pattern=&#8221;false&#8221; align=&#8221;center&#8221; css=&#8221;.vc_custom_1408123292551{margin-bottom: 0px !important;}&#8221;] Wir verf\u00fcgen \u00fcber die M\u00f6glichkeit, die Teile mit\u00a0 CNC-gesteuerten Bearbeitungsmaschinen zu bearbeiten. Die Werksst\u00fccke k\u00f6nnen wir grob- oder fertigbearbeiten. F\u00fcr [&hellip;]<\/p>\n","protected":false},"author":1,"featured_media":0,"parent":0,"menu_order":0,"comment_status":"closed","ping_status":"open","template":"","meta":[],"yoast_head":"<!-- This site is optimized with the Yoast SEO plugin v16.4 - https:\/\/yoast.com\/wordpress\/plugins\/seo\/ -->\n<title>CNC gesteuerte bearbeitung - \u017delez\u00e1rny \u0160t\u011bp\u00e1nov I Sl\u00e9v\u00e1rna, CNC obrobna, d\u016fraz na kvalitu<\/title>\n<meta name=\"robots\" content=\"index, follow, max-snippet:-1, max-image-preview:large, max-video-preview:-1\" \/>\n<link rel=\"canonical\" href=\"https:\/\/www.zelezarny.cz\/de\/cnc-gesteuerte-bearbeitung\/\" \/>\n<meta property=\"og:locale\" content=\"de_DE\" \/>\n<meta property=\"og:type\" content=\"article\" \/>\n<meta property=\"og:title\" content=\"CNC gesteuerte bearbeitung - \u017delez\u00e1rny \u0160t\u011bp\u00e1nov I Sl\u00e9v\u00e1rna, CNC obrobna, d\u016fraz na kvalitu\" \/>\n<meta property=\"og:description\" content=\"[mk_page_section bg_image=&#8221;https:\/\/www.zelezarny.cz\/de\/wp-content\/uploads\/2015\/08\/IMG_0071-1-1.jpg&#8221; bg_position=&#8221;center top&#8221; bg_repeat=&#8221;no-repeat&#8221; min_height=&#8221;250&#8243; padding_top=&#8221;200&#8243; padding_bottom=&#8221;0&#8243; margin_bottom=&#8221;25&#8243; el_class=&#8221;zahlavi-obrazek&#8221; first_page=&#8221;false&#8221; last_page=&#8221;false&#8221; sidebar=&#8221;sidebar-1&#8243;][vc_column][mk_fancy_title tag_name=&#8221;h1&#8243; color=&#8221;#ffffff&#8221; size=&#8221;60&#8243; font_weight=&#8221;900&#8243; font_style=&#8221;normal&#8221; txt_transform=&#8221;uppercase&#8221; margin_bottom=&#8221;40&#8243; font_family=&#8221;none&#8221; align=&#8221;center&#8221; el_class=&#8221;CoreSansA75ExtraBold&#8221;] CNC gesteuerte Bearbeitung [\/mk_fancy_title][\/vc_column][\/mk_page_section][vc_row][vc_column width=&#8221;1\/6&#8243;][vc_column_text] [\/vc_column_text][\/vc_column][vc_column width=&#8221;2\/3&#8243;][vc_column_text disable_pattern=&#8221;false&#8221; align=&#8221;center&#8221; css=&#8221;.vc_custom_1408123292551{margin-bottom: 0px !important;}&#8221;] Wir verf\u00fcgen \u00fcber die M\u00f6glichkeit, die Teile mit\u00a0 CNC-gesteuerten Bearbeitungsmaschinen zu bearbeiten. Die Werksst\u00fccke k\u00f6nnen wir grob- oder fertigbearbeiten. F\u00fcr [&hellip;]\" \/>\n<meta property=\"og:url\" content=\"https:\/\/www.zelezarny.cz\/de\/cnc-gesteuerte-bearbeitung\/\" \/>\n<meta property=\"og:site_name\" content=\"\u017delez\u00e1rny \u0160t\u011bp\u00e1nov I Sl\u00e9v\u00e1rna, CNC obrobna, d\u016fraz na kvalitu\" \/>\n<meta property=\"article:modified_time\" content=\"2021-11-18T15:12:12+00:00\" \/>\n<meta name=\"twitter:card\" content=\"summary_large_image\" \/>\n<meta name=\"twitter:label1\" content=\"Gesch\u00e4tzte Lesezeit\" \/>\n\t<meta name=\"twitter:data1\" content=\"2 Minuten\" \/>\n<script type=\"application\/ld+json\" class=\"yoast-schema-graph\">{\"@context\":\"https:\/\/schema.org\",\"@graph\":[{\"@type\":\"WebSite\",\"@id\":\"https:\/\/www.zelezarny.cz\/#website\",\"url\":\"https:\/\/www.zelezarny.cz\/\",\"name\":\"\\u017delez\\u00e1rny \\u0160t\\u011bp\\u00e1nov I Sl\\u00e9v\\u00e1rna, CNC obrobna, d\\u016fraz na kvalitu\",\"description\":\"\",\"potentialAction\":[{\"@type\":\"SearchAction\",\"target\":\"https:\/\/www.zelezarny.cz\/?s={search_term_string}\",\"query-input\":\"required name=search_term_string\"}],\"inLanguage\":\"de-DE\"},{\"@type\":\"WebPage\",\"@id\":\"https:\/\/www.zelezarny.cz\/de\/cnc-gesteuerte-bearbeitung\/#webpage\",\"url\":\"https:\/\/www.zelezarny.cz\/de\/cnc-gesteuerte-bearbeitung\/\",\"name\":\"CNC gesteuerte bearbeitung - \\u017delez\\u00e1rny \\u0160t\\u011bp\\u00e1nov I Sl\\u00e9v\\u00e1rna, CNC obrobna, d\\u016fraz na kvalitu\",\"isPartOf\":{\"@id\":\"https:\/\/www.zelezarny.cz\/#website\"},\"datePublished\":\"2015-08-23T14:11:45+00:00\",\"dateModified\":\"2021-11-18T15:12:12+00:00\",\"breadcrumb\":{\"@id\":\"https:\/\/www.zelezarny.cz\/de\/cnc-gesteuerte-bearbeitung\/#breadcrumb\"},\"inLanguage\":\"de-DE\",\"potentialAction\":[{\"@type\":\"ReadAction\",\"target\":[\"https:\/\/www.zelezarny.cz\/de\/cnc-gesteuerte-bearbeitung\/\"]}]},{\"@type\":\"BreadcrumbList\",\"@id\":\"https:\/\/www.zelezarny.cz\/de\/cnc-gesteuerte-bearbeitung\/#breadcrumb\",\"itemListElement\":[{\"@type\":\"ListItem\",\"position\":1,\"item\":{\"@type\":\"WebPage\",\"@id\":\"https:\/\/www.zelezarny.cz\/de\/\",\"url\":\"https:\/\/www.zelezarny.cz\/de\/\",\"name\":\"Dom\\u016f\"}},{\"@type\":\"ListItem\",\"position\":2,\"item\":{\"@id\":\"https:\/\/www.zelezarny.cz\/de\/cnc-gesteuerte-bearbeitung\/#webpage\"}}]}]}<\/script>\n<!-- \/ Yoast SEO plugin. -->","_links":{"self":[{"href":"https:\/\/www.zelezarny.cz\/de\/wp-json\/wp\/v2\/pages\/6851"}],"collection":[{"href":"https:\/\/www.zelezarny.cz\/de\/wp-json\/wp\/v2\/pages"}],"about":[{"href":"https:\/\/www.zelezarny.cz\/de\/wp-json\/wp\/v2\/types\/page"}],"author":[{"embeddable":true,"href":"https:\/\/www.zelezarny.cz\/de\/wp-json\/wp\/v2\/users\/1"}],"replies":[{"embeddable":true,"href":"https:\/\/www.zelezarny.cz\/de\/wp-json\/wp\/v2\/comments?post=6851"}],"version-history":[{"count":5,"href":"https:\/\/www.zelezarny.cz\/de\/wp-json\/wp\/v2\/pages\/6851\/revisions"}],"predecessor-version":[{"id":7082,"href":"https:\/\/www.zelezarny.cz\/de\/wp-json\/wp\/v2\/pages\/6851\/revisions\/7082"}],"wp:attachment":[{"href":"https:\/\/www.zelezarny.cz\/de\/wp-json\/wp\/v2\/media?parent=6851"}],"curies":[{"name":"wp","href":"https:\/\/api.w.org\/{rel}","templated":true}]}}