{"id":6842,"date":"2015-06-04T09:57:22","date_gmt":"2015-06-04T08:57:22","guid":{"rendered":"http:\/\/www.zelezarny.cz\/de\/?page_id=5702"},"modified":"2025-04-15T15:54:00","modified_gmt":"2025-04-15T13:54:00","slug":"gussteile","status":"publish","type":"page","link":"https:\/\/www.zelezarny.cz\/de\/gussteile\/","title":{"rendered":"Gussteile"},"content":{"rendered":"[mk_page_section bg_image=&#8221;\/wp-content\/uploads\/2015\/06\/bg-odlitky.jpg&#8221; bg_position=&#8221;center top&#8221; bg_repeat=&#8221;no-repeat&#8221; bg_stretch=&#8221;true&#8221; min_height=&#8221;250&#8243; padding_top=&#8221;200&#8243; padding_bottom=&#8221;0&#8243; el_class=&#8221;zahlavi-obrazek&#8221; first_page=&#8221;false&#8221; last_page=&#8221;false&#8221; sidebar=&#8221;sidebar-1&#8243;][vc_column][mk_fancy_title tag_name=&#8221;h1&#8243; color=&#8221;#ffffff&#8221; size=&#8221;60&#8243; font_weight=&#8221;900&#8243; font_style=&#8221;normal&#8221; txt_transform=&#8221;uppercase&#8221; margin_bottom=&#8221;0&#8243; font_family=&#8221;none&#8221; align=&#8221;center&#8221; el_class=&#8221;CoreSansA75ExtraBold&#8221;]\n<p>Wir erzeugen Gussteile bis <span style=\"font-weight: 400;\">3500 kg<\/span><\/p>\n[\/mk_fancy_title][\/vc_column][\/mk_page_section][mk_page_section bg_color=&#8221;#ffffff&#8221; speed_factor=&#8221;4&#8243; padding_top=&#8221;50&#8243; sidebar=&#8221;sidebar-1&#8243; first_page=&#8221;false&#8221; last_page=&#8221;false&#8221;][vc_column][vc_row_inner padding=&#8221;0&#8243;][vc_column_inner width=&#8221;1\/6&#8243;]\n[\/vc_column_inner][vc_column_inner width=&#8221;2\/3&#8243;][mk_fancy_title color=&#8221;#04163e&#8221; size=&#8221;38&#8243; font_weight=&#8221;bold&#8221; font_style=&#8221;inhert&#8221; txt_transform=&#8221;uppercase&#8221; margin_bottom=&#8221;0&#8243; font_family=&#8221;none&#8221; align=&#8221;center&#8221;]\n<p>Die technologische Kapazit\u00e4t unserer Gie\u00dferei ist 9000 Tonnen j\u00e4hrlich.<\/p>\n[\/mk_fancy_title][mk_padding_divider size=&#8221;25&#8243;][mk_fancy_title tag_name=&#8221;h3&#8243; color=&#8221;#f33f00&#8243; size=&#8221;26&#8243; font_weight=&#8221;normal&#8221; font_style=&#8221;inhert&#8221; margin_bottom=&#8221;18&#8243; font_family=&#8221;none&#8221; align=&#8221;center&#8221;]Wir arbeiten mit Grauguss, Sph\u00e4roguss und Aluminium.<br \/>\n[\/mk_fancy_title][\/vc_column_inner][vc_column_inner width=&#8221;1\/6&#8243;]\n[\/vc_column_inner][\/vc_row_inner][\/vc_column][\/mk_page_section][mk_page_section bg_color=&#8221;#ffffff&#8221; speed_factor=&#8221;4&#8243; padding_top=&#8221;50&#8243; predefined_bg=&#8221;&#8221; first_page=&#8221;false&#8221; last_page=&#8221;false&#8221; sidebar=&#8221;sidebar-1&#8243;][vc_column][vc_row_inner padding=&#8221;0&#8243;][vc_column_inner width=&#8221;1\/6&#8243;]\n[\/vc_column_inner][vc_column_inner width=&#8221;2\/3&#8243;][mk_fancy_title color=&#8221;#04163e&#8221; size=&#8221;38&#8243; font_weight=&#8221;bold&#8221; font_style=&#8221;inhert&#8221; txt_transform=&#8221;uppercase&#8221; margin_bottom=&#8221;0&#8243; font_family=&#8221;none&#8221; align=&#8221;center&#8221;]\n<p>\u017delez\u00e1rny \u0160t\u011bp\u00e1nov gie\u00dfen folgende Gusswerkstoffe:<\/p>\n[\/mk_fancy_title][mk_padding_divider size=&#8221;25&#8243;][mk_custom_list]\n<ul>\n<li><b>Gusseisen mit Lamellengrafit<br \/>\n<\/b>(Grauguss)<br \/>\n(EN-GJL-200, EN-GJL-250, EN-GJL-300)<\/li>\n<li><b>Gusseisen mit Kugelgrafit<br \/>\n<\/b>(Sph\u00e4roguss)<br \/>\n(EN-GJS-400, EN-GJS-350-22-LT, EN-GJS-500, EN-GJS-600)<\/li>\n<\/ul>\n[\/mk_custom_list][mk_padding_divider][\/vc_column_inner][vc_column_inner width=&#8221;1\/6&#8243;]\n[\/vc_column_inner][\/vc_row_inner][\/vc_column][\/mk_page_section][mk_page_section bg_color=&#8221;#ffffff&#8221; speed_factor=&#8221;4&#8243; padding_top=&#8221;60&#8243; padding_bottom=&#8221;30&#8243; first_page=&#8221;false&#8221; last_page=&#8221;false&#8221; sidebar=&#8221;sidebar-1&#8243;][vc_column][mk_fancy_title color=&#8221;#04163e&#8221; size=&#8221;38&#8243; font_weight=&#8221;bold&#8221; font_style=&#8221;inhert&#8221; txt_transform=&#8221;uppercase&#8221; margin_bottom=&#8221;40&#8243; font_family=&#8221;none&#8221; align=&#8221;center&#8221;]\n<p>Hohe Qualit\u00e4tsanspr\u00fcche, Kompetenz und Erfahrung wie auch st\u00e4ndige Verbesserung unserer Fertigungsverfahren und Technologien bilden das Fundament unserer Gie\u00dferei.<\/p>\n[\/mk_fancy_title][mk_padding_divider size=&#8221;25&#8243;][vc_raw_html]\n<p>JTNDdWwlMjBjbGFzcyUzRCUyMmhvbWVwYWdlLWZlYXR1cmVzLWJveGVzJTIyJTNFJTBBJTNDbGklM0UlMEElM0NkaXYlMjBjbGFzcyUzRCUyMmhvbWVwYWdlLWZlYXR1cmVzLWJveCUyMiUzRSUwQSUzQ2RpdiUyMGNsYXNzJTNEJTIyaG9tZXBhZ2UtZmVhdHVyZXMtYm94X19pbWFnZSUyMiUzRSUzQ2ltZyUyMHNyYyUzRCUyMiUyRndwLWNvbnRlbnQlMkZ1cGxvYWRzJTJGMjAxNSUyRjA5JTJGdnl2b2oucG5nJTIyJTIwYWx0JTNEJTIyJTIyJTIwJTJGJTNFJTNDJTJGZGl2JTNFJTBBJTNDZGl2JTIwY2xhc3MlM0QlMjJob21lcGFnZS1mZWF0dXJlcy1ib3hfX3RpdGxlJTIyJTNFRW50d2lja2x1bmclMEElM0MlMkZkaXYlM0UlMEElM0MlMkZkaXYlM0UlMEElM0MlMkZsaSUzRSUwQSUzQ2xpJTIwY2xhc3MlM0QlMjJ5ZWxsb3ctbGluZSUyMiUzRSUzQyUyRmxpJTNFJTBBJTNDbGklM0UlMEElM0NkaXYlMjBjbGFzcyUzRCUyMmhvbWVwYWdlLWZlYXR1cmVzLWJveCUyMiUzRSUwQSUzQ2RpdiUyMGNsYXNzJTNEJTIyaG9tZXBhZ2UtZmVhdHVyZXMtYm94X19pbWFnZSUyMiUzRSUwQSUzQ2ltZyUyMHNyYyUzRCUyMiUyRndwLWNvbnRlbnQlMkZ1cGxvYWRzJTJGMjAxNSUyRjA5JTJGdnlyb2JhLW1vZGVsdS5wbmclMjIlMjBhbHQlM0QlMjIlMjIlMjAlMkYlM0UlMEElM0MlMkZkaXYlM0UlMEElM0NkaXYlMjBjbGFzcyUzRCUyMmhvbWVwYWdlLWZlYXR1cmVzLWJveF9fdGl0bGUlMjIlM0VNb2RlbGxiYXUlMjB1bmQlM0NiciUyRiUzRUZvcm1lbiUwQSUzQyUyRmRpdiUzRSUwQSUzQyUyRmRpdiUzRSUwQSUzQyUyRmxpJTNFJTBBJTNDbGklMjBjbGFzcyUzRCUyMnllbGxvdy1saW5lJTIyJTNFJTNDJTJGbGklM0UlMEElM0NsaSUzRSUwQSUzQ2RpdiUyMGNsYXNzJTNEJTIyaG9tZXBhZ2UtZmVhdHVyZXMtYm94JTIyJTNFJTBBJTNDZGl2JTIwY2xhc3MlM0QlMjJob21lcGFnZS1mZWF0dXJlcy1ib3hfX2ltYWdlJTIyJTNFJTBBJTNDaW1nJTIwc3JjJTNEJTIyJTJGd3AtY29udGVudCUyRnVwbG9hZHMlMkYyMDE1JTJGMDklMkZvZGxldmFuaS5wbmclMjIlMjBhbHQlM0QlMjIlMjIlMjAlMkYlM0UlMEElM0MlMkZkaXYlM0UlMEElM0NkaXYlMjBjbGFzcyUzRCUyMmhvbWVwYWdlLWZlYXR1cmVzLWJveF9fdGl0bGUlMjIlM0VHaWVzc3ZlcmZhaHJlbiUwQSUzQyUyRmRpdiUzRSUwQSUzQyUyRmRpdiUzRSUwQSUzQyUyRmxpJTNFJTBBJTNDbGklMjBjbGFzcyUzRCUyMnllbGxvdy1saW5lJTIyJTNFJTNDJTJGbGklM0UlMEElM0NsaSUzRSUwQSUzQ2RpdiUyMGNsYXNzJTNEJTIyaG9tZXBhZ2UtZmVhdHVyZXMtYm94JTIyJTNFJTBBJTNDZGl2JTIwY2xhc3MlM0QlMjJob21lcGFnZS1mZWF0dXJlcy1ib3hfX2ltYWdlJTIyJTNFJTBBJTNDaW1nJTIwc3JjJTNEJTIyJTJGd3AtY29udGVudCUyRnVwbG9hZHMlMkYyMDE1JTJGMDklMkZwb3ZyY2hvdmEtdXByYXZhLnBuZyUyMiUyMGFsdCUzRCUyMiUyMiUyMCUyRiUzRSUwQSUzQyUyRmRpdiUzRSUwQSUzQ2RpdiUyMGNsYXNzJTNEJTIyaG9tZXBhZ2UtZmVhdHVyZXMtYm94X190aXRsZSUyMiUzRU9iZXJmbCVDMyVBNGNoZW5iZWhhbmRsdW5nJTBBJTNDJTJGZGl2JTNFJTBBJTNDJTJGZGl2JTNFJTBBJTNDJTJGbGklM0UlMEElM0MlMkZ1bCUzRSUwQSUwQSUwQSUzQ3VsJTIwY2xhc3MlM0QlMjJob21lcGFnZS1mZWF0dXJlcy1ib3hlcyUyMiUzRSUwQSUzQ2xpJTNFJTBBJTNDZGl2JTIwY2xhc3MlM0QlMjJob21lcGFnZS1mZWF0dXJlcy1ib3glMjIlM0UlMEElM0NkaXYlMjBjbGFzcyUzRCUyMmhvbWVwYWdlLWZlYXR1cmVzLWJveF9faW1hZ2UlMjIlM0UlMEElM0NpbWclMjBzcmMlM0QlMjIlMkZ3cC1jb250ZW50JTJGdXBsb2FkcyUyRjIwMTUlMkYxMCUyRmxha292YW5pLnBuZyUyMiUyMGFsdCUzRCUyMiUyMiUyMCUyRiUzRSUwQSUzQyUyRmRpdiUzRSUwQSUzQ2RpdiUyMGNsYXNzJTNEJTIyaG9tZXBhZ2UtZmVhdHVyZXMtYm94X190aXRsZSUyMiUzRUxhY2tpZXJ1bmclM0MlMkZkaXYlM0UlMEElM0MlMkZkaXYlM0UlMEElM0MlMkZsaSUzRSUwQSUzQ2xpJTIwY2xhc3MlM0QlMjJ5ZWxsb3ctbGluZSUyMiUzRSUzQyUyRmxpJTNFJTBBJTNDbGklM0UlMEElM0NkaXYlMjBjbGFzcyUzRCUyMmhvbWVwYWdlLWZlYXR1cmVzLWJveCUyMiUzRSUwQSUzQ2RpdiUyMGNsYXNzJTNEJTIyaG9tZXBhZ2UtZmVhdHVyZXMtYm94X19pbWFnZSUyMiUzRSUwQSUzQ2ltZyUyMHNyYyUzRCUyMiUyRndwLWNvbnRlbnQlMkZ1cGxvYWRzJTJGMjAxNSUyRjEwJTJGb3ByYWNvdmFuaS5wbmclMjIlMjBhbHQlM0QlMjIlMjIlMjAlMkYlM0UlMEElM0MlMkZkaXYlM0UlMEElM0NkaXYlMjBjbGFzcyUzRCUyMmhvbWVwYWdlLWZlYXR1cmVzLWJveF9fdGl0bGUlMjIlM0VNZWNoYW5pc2NoZSUzQ2JyJTJGJTNFQmVhcmJlaXR1bmclM0MlMkZkaXYlM0UlMEElM0MlMkZkaXYlM0UlMEElM0MlMkZsaSUzRSUwQSUzQ2xpJTIwY2xhc3MlM0QlMjJ5ZWxsb3ctbGluZSUyMiUzRSUzQyUyRmxpJTNFJTBBJTNDbGklM0UlMEElM0NkaXYlMjBjbGFzcyUzRCUyMmhvbWVwYWdlLWZlYXR1cmVzLWJveCUyMiUzRSUwQSUzQ2RpdiUyMGNsYXNzJTNEJTIyaG9tZXBhZ2UtZmVhdHVyZXMtYm94X19pbWFnZSUyMiUzRSUwQSUzQ2ltZyUyMHNyYyUzRCUyMiUyRndwLWNvbnRlbnQlMkZ1cGxvYWRzJTJGMjAxNSUyRjA5JTJGZGlzdHJpYnVjZS5wbmclMjIlMjBhbHQlM0QlMjIlMjIlMjAlMkYlM0UlMEElM0MlMkZkaXYlM0UlMEElM0NkaXYlMjBjbGFzcyUzRCUyMmhvbWVwYWdlLWZlYXR1cmVzLWJveF9fdGl0bGUlMjIlM0VWZXJzYW5kJTBBJTNDJTJGZGl2JTNFJTBBJTNDJTJGZGl2JTNFJTBBJTNDJTJGbGklM0UlMEElMEElM0MlMkZ1bCUzRQ==<\/p>\n[\/vc_raw_html][mk_padding_divider size=&#8221;50&#8243;][mk_custom_box padding_vertical=&#8221;25&#8243; padding_horizental=&#8221;25&#8243; margin_bottom=&#8221;0&#8243; min_height=&#8221;300&#8243; el_class=&#8221;proces1&#8243; bg_color=&#8221;#04163e&#8221; bg_image=&#8221;http:\/\/www.zelezarny.cz\/de\/wp-content\/uploads\/2015\/06\/vyvoj-produktu.jpg&#8221; bg_position=&#8221;right top&#8221; bg_stretch=&#8221;false&#8221;][mk_fancy_title tag_name=&#8221;h3&#8243; color=&#8221;#ffffff&#8221; size=&#8221;26&#8243; font_weight=&#8221;bold&#8221; font_style=&#8221;inhert&#8221; txt_transform=&#8221;uppercase&#8221; margin_bottom=&#8221;0&#8243; font_family=&#8221;none&#8221;]\n<p>Gern helfen wir Ihnen beim Gestalten und bei der Entwicklung Ihrer Erzeugnisse.<\/p>\n[\/mk_fancy_title][vc_column_text]Die Zeichnungen von Schwei\u00dfteilen und Werkst\u00fcckzeichnungen k\u00f6nnen wir bei Bedarf den Gussteilzeichnungen anpassen.<br \/>\n<span style=\"color: #ffffff;\"> Wir helfen Ihnen die Teile gie\u00dftechnisch zu optimieren, beraten Sie von der Konstruktion bis zum Versand der fertigen Erstmuster.<br \/>\n<\/span><br \/>\n<span style=\"color: #ffffff;\">\u00a0F\u00fcr die Simulation vom Starren der Gussteile verwenden wir das QuikCAST Programm.<br \/>\n<\/span>[\/vc_column_text][\/mk_custom_box][mk_custom_box padding_vertical=&#8221;25&#8243; padding_horizental=&#8221;25&#8243; margin_bottom=&#8221;0&#8243; min_height=&#8221;300&#8243; el_class=&#8221;proces1&#8243; bg_color=&#8221;#f6f6f6&#8243; bg_image=&#8221;http:\/\/www.zelezarny.cz\/de\/wp-content\/uploads\/2015\/06\/proces-3.jpg&#8221; bg_position=&#8221;right top&#8221; bg_stretch=&#8221;false&#8221;][mk_fancy_title tag_name=&#8221;h3&#8243; color=&#8221;#04163e&#8221; size=&#8221;26&#8243; font_weight=&#8221;bold&#8221; font_style=&#8221;inhert&#8221; txt_transform=&#8221;uppercase&#8221; margin_bottom=&#8221;0&#8243; font_family=&#8221;none&#8221;]Wir erzeugen Gussteile aus Gusseisen oder Aluminiumlegierungen.<br \/>\n[\/mk_fancy_title][vc_column_text]\n<p>Der Schmelzbetrieb besteht aus einem Kupolofen mit Sauerstoffanreicherung des Gebl\u00e4se-Windes mit Entstaubung, zwei Rotationsgas\u00f6fen (5 und 3 Tonnen) mit elektronisch geregeltem Brenner und Einsatzregelung (Beschickungsregelung), inkl. Entstaubung. Wir verf\u00fcgen auch \u00fcber einen Gastiegelofen zum Erschmelzen von Aluminiumgusslegierungen (200 kg Al). Wir gie\u00dfen in selbsterstarrenden Formen aus Furanharz-Mischungen (Furanharz-Formverfahren). F\u00fcr die Regenerierung des Formsandes nutzen wir zwei unabh\u00e4ngige Regenerationskreise, im Notfall kann einer als Reserveanlage arbeiten. F\u00fcr die Fertigung des Formsandes verwenden wir eine Mischanlage mit einer Leistung von mehr als 50 Tonnen pro Stunde. Die Abgusse werden mit einer H\u00e4ngebahn-Strahlanlage und einer Tischstrahlmaschine gestrahlt. Wir haben die M\u00f6glichkeit, die Abg\u00fcsse in einem Gl\u00fchofen zu behandeln.<\/p>\n[\/vc_column_text][\/mk_custom_box][mk_custom_box padding_vertical=&#8221;25&#8243; padding_horizental=&#8221;25&#8243; margin_bottom=&#8221;0&#8243; min_height=&#8221;300&#8243; el_class=&#8221;proces1&#8243; bg_color=&#8221;#04163e&#8221; bg_image=&#8221;http:\/\/www.zelezarny.cz\/de\/wp-content\/uploads\/2014\/08\/proces-5.jpg&#8221; bg_position=&#8221;right top&#8221; bg_stretch=&#8221;false&#8221;][mk_fancy_title tag_name=&#8221;h3&#8243; color=&#8221;#ffffff&#8221; size=&#8221;26&#8243; font_weight=&#8221;bold&#8221; font_style=&#8221;inhert&#8221; txt_transform=&#8221;uppercase&#8221; margin_bottom=&#8221;0&#8243; font_family=&#8221;none&#8221;]Die Oberfl\u00e4che der Teile k\u00f6nnen wir in einem Lackverfahren behandeln oder im Tauchverfahren lackieren.<br \/>\n[\/mk_fancy_title][vc_column_text]<span style=\"color: #ffffff;\">Die Erzeugnisse werden in wasserl\u00f6sbaren Farben getaucht oder in geschlossenen Boxen (Kabinen), meistens mit 2-Komponenten-Farben und mit Sonderfarben lackiert. Die Parameter der von uns verwendeten Lacke, wie Viskosit\u00e4t und die Zusammensetzung werden regelm\u00e4\u00dfig \u00fcberwacht. Die aufgetragene Schichtdicke wird mit speziellen Messger\u00e4ten kontrolliert.<br \/>\n<\/span>[\/vc_column_text][\/mk_custom_box][mk_custom_box padding_vertical=&#8221;25&#8243; padding_horizental=&#8221;25&#8243; margin_bottom=&#8221;0&#8243; min_height=&#8221;300&#8243; el_class=&#8221;proces1&#8243; bg_color=&#8221;#f6f6f6&#8243; bg_image=&#8221;http:\/\/www.zelezarny.cz\/de\/wp-content\/uploads\/2014\/08\/proces-4.jpg&#8221; bg_position=&#8221;right top&#8221; bg_stretch=&#8221;false&#8221;][mk_fancy_title tag_name=&#8221;h3&#8243; color=&#8221;#04163e&#8221; size=&#8221;26&#8243; font_weight=&#8221;bold&#8221; font_style=&#8221;inhert&#8221; txt_transform=&#8221;uppercase&#8221; margin_bottom=&#8221;0&#8243; font_family=&#8221;none&#8221;]\n<p>Gussteile werden bei uns an CNC gesteuerten Maschinen bearbeitet.<\/p>\n[\/mk_fancy_title][vc_column_text]\n<p>Wir nehmen Fertig- sowie Schruppbearbeiten vor. Gussteile oder Schwei\u00dfeile bearbeiten wir mit neuen Horizontal-Bohr und Fr\u00e4smaschinen der namhaften Marke TOS Varnsdorf. Unsere Werkst\u00fccke wiegen maximal 12 t. Die Ma\u00dfgenauigkeit \u00fcberpr\u00fcfen wir durch 3D Messungen.<\/p>\n[\/vc_column_text][\/mk_custom_box][mk_custom_box padding_vertical=&#8221;25&#8243; padding_horizental=&#8221;25&#8243; margin_bottom=&#8221;0&#8243; min_height=&#8221;300&#8243; el_class=&#8221;proces1&#8243; bg_color=&#8221;#04163e&#8221; bg_image=&#8221;http:\/\/www.zelezarny.cz\/de\/wp-content\/uploads\/2015\/06\/proces-6.jpg&#8221; bg_position=&#8221;right top&#8221; bg_stretch=&#8221;false&#8221;][mk_fancy_title tag_name=&#8221;h3&#8243; color=&#8221;#ffffff&#8221; size=&#8221;26&#8243; font_weight=&#8221;bold&#8221; font_style=&#8221;inhert&#8221; txt_transform=&#8221;uppercase&#8221; margin_bottom=&#8221;0&#8243; font_family=&#8221;none&#8221;]\n<p>Bei Bedarf k\u00f6nnen wir den Transport der Abg\u00fcsse zu unseren Kunden organisieren.<\/p>\n[\/mk_fancy_title][\/mk_custom_box][\/vc_column][\/mk_page_section][mk_page_section bg_color=&#8221;#ffffff&#8221; speed_factor=&#8221;4&#8243; padding_top=&#8221;50&#8243; padding_bottom=&#8221;30&#8243; predefined_bg=&#8221;&#8221; first_page=&#8221;false&#8221; last_page=&#8221;false&#8221; sidebar=&#8221;sidebar-1&#8243;][vc_column][vc_row_inner padding=&#8221;0&#8243;][vc_column_inner width=&#8221;1\/6&#8243;]\n[\/vc_column_inner][vc_column_inner width=&#8221;2\/3&#8243;][mk_fancy_title color=&#8221;#04163e&#8221; size=&#8221;40&#8243; font_weight=&#8221;bold&#8221; font_style=&#8221;inhert&#8221; txt_transform=&#8221;uppercase&#8221; margin_bottom=&#8221;0&#8243; font_family=&#8221;none&#8221; align=&#8221;center&#8221;]<span style=\"font-weight: 400;\">Welche Gussteile stellen wir her?<br \/>\n<\/span>[\/mk_fancy_title][vc_column_text disable_pattern=&#8221;false&#8221; align=&#8221;center&#8221; margin_bottom=&#8221;10&#8243; css=&#8221;.vc_custom_1408123292551{margin-bottom: 0px !important;}&#8221;]<span style=\"font-weight: 400;\">Am h\u00e4ufigsten produzieren wir Statorengeh\u00e4use f\u00fcr Elektromotoren, Generatorengeh\u00e4use und Getriebegeh\u00e4use. Zu unseren typischen Produkten geh\u00f6ren auch Pumpenbauteile, Geh\u00e4use f\u00fcr Bearbeitungsmaschinen und andere Maschinenteile.<br \/>\n<\/span>[\/vc_column_text][mk_button dimension=&#8221;flat&#8221; size=&#8221;x-large&#8221; url=&#8221;https:\/\/www.zelezarny.cz\/de\/produkte\/&#8221; align=&#8221;center&#8221; bg_color=&#8221;#ffec48&#8243; btn_hover_bg=&#8221;#092152&#8243; text_color=&#8221;dark&#8221; btn_hover_txt_color=&#8221;#ffffff&#8221;]Schauen Sie sich unsere Produkte an<\/p>\n[\/mk_button][mk_divider style=&#8221;thin_solid&#8221; divider_width=&#8221;custom_width&#8221; custom_width=&#8221;35&#8243; thickness=&#8221;3&#8243; margin_top=&#8221;24&#8243; margin_bottom=&#8221;40&#8243;][\/vc_column_inner][vc_column_inner width=&#8221;1\/6&#8243;]\n[\/vc_column_inner][\/vc_row_inner][\/vc_column][\/mk_page_section][mk_page_section bg_image=&#8221;\/wp-content\/uploads\/2014\/08\/bg-home3.jpg&#8221; bg_position=&#8221;center top&#8221; bg_repeat=&#8221;no-repeat&#8221; bg_stretch=&#8221;true&#8221; padding_top=&#8221;90&#8243; padding_bottom=&#8221;50&#8243; sidebar=&#8221;sidebar-1&#8243; first_page=&#8221;false&#8221; last_page=&#8221;false&#8221;][vc_column][mk_fancy_title color=&#8221;#ffffff&#8221; size=&#8221;38&#8243; font_weight=&#8221;bold&#8221; font_style=&#8221;inhert&#8221; txt_transform=&#8221;uppercase&#8221; margin_bottom=&#8221;0&#8243; font_family=&#8221;none&#8221; align=&#8221;center&#8221;]\n<p><span style=\"text-shadow: 0 0 10px #160c4b;\">Die Kontrolle der Abg\u00fcsse spielt bei uns eine wichtige Rolle<\/span><\/p>\n[\/mk_fancy_title][vc_row_inner padding=&#8221;0&#8243;][vc_column_inner][mk_fancy_title tag_name=&#8221;h3&#8243; color=&#8221;rgba(255,255,255,0.8)&#8221; size=&#8221;28&#8243; font_weight=&#8221;bold&#8221; font_style=&#8221;inhert&#8221; margin_top=&#8221;-20&#8243; margin_bottom=&#8221;18&#8243; font_family=&#8221;none&#8221; align=&#8221;center&#8221;]\n<p><span style=\"text-shadow: 0 0 5px #160c4b;\">Die \u00dcberpr\u00fcfung der Teile wird genauso gr\u00fcndlich vorgenommen, wie die Fertigung der Teile selbst<\/span><\/p>\n[\/mk_fancy_title][mk_button dimension=&#8221;flat&#8221; size=&#8221;x-large&#8221; url=&#8221;https:\/\/www.zelezarny.cz\/de\/qualitatskontrolle\/&#8221; align=&#8221;center&#8221; bg_color=&#8221;#ffec48&#8243; btn_hover_bg=&#8221;#092152&#8243; text_color=&#8221;dark&#8221; btn_hover_txt_color=&#8221;#ffffff&#8221;]So sieht die Qualit\u00e4tskontrolle bei uns aus:<\/p>\n[\/mk_button][\/vc_column_inner][\/vc_row_inner][vc_column_text]\n[\/vc_column_text][\/vc_column][\/mk_page_section]\n","protected":false},"excerpt":{"rendered":"<p>[mk_page_section bg_image=&#8221;\/wp-content\/uploads\/2015\/06\/bg-odlitky.jpg&#8221; bg_position=&#8221;center top&#8221; bg_repeat=&#8221;no-repeat&#8221; bg_stretch=&#8221;true&#8221; min_height=&#8221;250&#8243; padding_top=&#8221;200&#8243; padding_bottom=&#8221;0&#8243; el_class=&#8221;zahlavi-obrazek&#8221; first_page=&#8221;false&#8221; last_page=&#8221;false&#8221; sidebar=&#8221;sidebar-1&#8243;][vc_column][mk_fancy_title tag_name=&#8221;h1&#8243; color=&#8221;#ffffff&#8221; size=&#8221;60&#8243; font_weight=&#8221;900&#8243; font_style=&#8221;normal&#8221; txt_transform=&#8221;uppercase&#8221; margin_bottom=&#8221;0&#8243; font_family=&#8221;none&#8221; align=&#8221;center&#8221; el_class=&#8221;CoreSansA75ExtraBold&#8221;] Wir erzeugen Gussteile bis 3500 kg [\/mk_fancy_title][\/vc_column][\/mk_page_section][mk_page_section bg_color=&#8221;#ffffff&#8221; speed_factor=&#8221;4&#8243; padding_top=&#8221;50&#8243; sidebar=&#8221;sidebar-1&#8243; first_page=&#8221;false&#8221; last_page=&#8221;false&#8221;][vc_column][vc_row_inner padding=&#8221;0&#8243;][vc_column_inner width=&#8221;1\/6&#8243;] [\/vc_column_inner][vc_column_inner width=&#8221;2\/3&#8243;][mk_fancy_title color=&#8221;#04163e&#8221; size=&#8221;38&#8243; font_weight=&#8221;bold&#8221; font_style=&#8221;inhert&#8221; txt_transform=&#8221;uppercase&#8221; margin_bottom=&#8221;0&#8243; font_family=&#8221;none&#8221; align=&#8221;center&#8221;] Die technologische Kapazit\u00e4t unserer Gie\u00dferei ist 9000 [&hellip;]<\/p>\n","protected":false},"author":1,"featured_media":0,"parent":0,"menu_order":0,"comment_status":"open","ping_status":"open","template":"","meta":[],"yoast_head":"<!-- This site is optimized with the Yoast SEO plugin v16.4 - https:\/\/yoast.com\/wordpress\/plugins\/seo\/ -->\n<title>Gussteile - \u017delez\u00e1rny \u0160t\u011bp\u00e1nov I Sl\u00e9v\u00e1rna, CNC obrobna, d\u016fraz na kvalitu<\/title>\n<meta name=\"robots\" content=\"index, follow, max-snippet:-1, max-image-preview:large, max-video-preview:-1\" \/>\n<link rel=\"canonical\" href=\"https:\/\/www.zelezarny.cz\/de\/gussteile\/\" \/>\n<meta property=\"og:locale\" content=\"de_DE\" \/>\n<meta property=\"og:type\" content=\"article\" \/>\n<meta property=\"og:title\" content=\"Gussteile - \u017delez\u00e1rny \u0160t\u011bp\u00e1nov I Sl\u00e9v\u00e1rna, CNC obrobna, d\u016fraz na kvalitu\" \/>\n<meta property=\"og:description\" content=\"[mk_page_section bg_image=&#8221;\/wp-content\/uploads\/2015\/06\/bg-odlitky.jpg&#8221; bg_position=&#8221;center top&#8221; bg_repeat=&#8221;no-repeat&#8221; bg_stretch=&#8221;true&#8221; min_height=&#8221;250&#8243; padding_top=&#8221;200&#8243; padding_bottom=&#8221;0&#8243; el_class=&#8221;zahlavi-obrazek&#8221; first_page=&#8221;false&#8221; last_page=&#8221;false&#8221; sidebar=&#8221;sidebar-1&#8243;][vc_column][mk_fancy_title tag_name=&#8221;h1&#8243; color=&#8221;#ffffff&#8221; size=&#8221;60&#8243; font_weight=&#8221;900&#8243; font_style=&#8221;normal&#8221; txt_transform=&#8221;uppercase&#8221; margin_bottom=&#8221;0&#8243; font_family=&#8221;none&#8221; align=&#8221;center&#8221; el_class=&#8221;CoreSansA75ExtraBold&#8221;] Wir erzeugen Gussteile bis 3500 kg [\/mk_fancy_title][\/vc_column][\/mk_page_section][mk_page_section bg_color=&#8221;#ffffff&#8221; speed_factor=&#8221;4&#8243; padding_top=&#8221;50&#8243; sidebar=&#8221;sidebar-1&#8243; first_page=&#8221;false&#8221; last_page=&#8221;false&#8221;][vc_column][vc_row_inner padding=&#8221;0&#8243;][vc_column_inner width=&#8221;1\/6&#8243;] [\/vc_column_inner][vc_column_inner width=&#8221;2\/3&#8243;][mk_fancy_title color=&#8221;#04163e&#8221; size=&#8221;38&#8243; font_weight=&#8221;bold&#8221; font_style=&#8221;inhert&#8221; txt_transform=&#8221;uppercase&#8221; margin_bottom=&#8221;0&#8243; font_family=&#8221;none&#8221; align=&#8221;center&#8221;] Die technologische Kapazit\u00e4t unserer Gie\u00dferei ist 9000 [&hellip;]\" \/>\n<meta property=\"og:url\" content=\"https:\/\/www.zelezarny.cz\/de\/gussteile\/\" \/>\n<meta property=\"og:site_name\" content=\"\u017delez\u00e1rny \u0160t\u011bp\u00e1nov I Sl\u00e9v\u00e1rna, CNC obrobna, d\u016fraz na kvalitu\" \/>\n<meta property=\"article:modified_time\" content=\"2025-04-15T13:54:00+00:00\" \/>\n<meta name=\"twitter:card\" content=\"summary_large_image\" \/>\n<meta name=\"twitter:label1\" content=\"Gesch\u00e4tzte Lesezeit\" \/>\n\t<meta name=\"twitter:data1\" content=\"3 Minuten\" \/>\n<script type=\"application\/ld+json\" class=\"yoast-schema-graph\">{\"@context\":\"https:\/\/schema.org\",\"@graph\":[{\"@type\":\"WebSite\",\"@id\":\"https:\/\/www.zelezarny.cz\/#website\",\"url\":\"https:\/\/www.zelezarny.cz\/\",\"name\":\"\\u017delez\\u00e1rny \\u0160t\\u011bp\\u00e1nov I Sl\\u00e9v\\u00e1rna, CNC obrobna, d\\u016fraz na kvalitu\",\"description\":\"\",\"potentialAction\":[{\"@type\":\"SearchAction\",\"target\":\"https:\/\/www.zelezarny.cz\/?s={search_term_string}\",\"query-input\":\"required name=search_term_string\"}],\"inLanguage\":\"de-DE\"},{\"@type\":\"WebPage\",\"@id\":\"https:\/\/www.zelezarny.cz\/de\/gussteile\/#webpage\",\"url\":\"https:\/\/www.zelezarny.cz\/de\/gussteile\/\",\"name\":\"Gussteile - \\u017delez\\u00e1rny \\u0160t\\u011bp\\u00e1nov I Sl\\u00e9v\\u00e1rna, CNC obrobna, d\\u016fraz na kvalitu\",\"isPartOf\":{\"@id\":\"https:\/\/www.zelezarny.cz\/#website\"},\"datePublished\":\"2015-06-04T08:57:22+00:00\",\"dateModified\":\"2025-04-15T13:54:00+00:00\",\"breadcrumb\":{\"@id\":\"https:\/\/www.zelezarny.cz\/de\/gussteile\/#breadcrumb\"},\"inLanguage\":\"de-DE\",\"potentialAction\":[{\"@type\":\"ReadAction\",\"target\":[\"https:\/\/www.zelezarny.cz\/de\/gussteile\/\"]}]},{\"@type\":\"BreadcrumbList\",\"@id\":\"https:\/\/www.zelezarny.cz\/de\/gussteile\/#breadcrumb\",\"itemListElement\":[{\"@type\":\"ListItem\",\"position\":1,\"item\":{\"@type\":\"WebPage\",\"@id\":\"https:\/\/www.zelezarny.cz\/de\/\",\"url\":\"https:\/\/www.zelezarny.cz\/de\/\",\"name\":\"Dom\\u016f\"}},{\"@type\":\"ListItem\",\"position\":2,\"item\":{\"@id\":\"https:\/\/www.zelezarny.cz\/de\/gussteile\/#webpage\"}}]}]}<\/script>\n<!-- \/ Yoast SEO plugin. -->","_links":{"self":[{"href":"https:\/\/www.zelezarny.cz\/de\/wp-json\/wp\/v2\/pages\/6842"}],"collection":[{"href":"https:\/\/www.zelezarny.cz\/de\/wp-json\/wp\/v2\/pages"}],"about":[{"href":"https:\/\/www.zelezarny.cz\/de\/wp-json\/wp\/v2\/types\/page"}],"author":[{"embeddable":true,"href":"https:\/\/www.zelezarny.cz\/de\/wp-json\/wp\/v2\/users\/1"}],"replies":[{"embeddable":true,"href":"https:\/\/www.zelezarny.cz\/de\/wp-json\/wp\/v2\/comments?post=6842"}],"version-history":[{"count":1,"href":"https:\/\/www.zelezarny.cz\/de\/wp-json\/wp\/v2\/pages\/6842\/revisions"}],"predecessor-version":[{"id":7303,"href":"https:\/\/www.zelezarny.cz\/de\/wp-json\/wp\/v2\/pages\/6842\/revisions\/7303"}],"wp:attachment":[{"href":"https:\/\/www.zelezarny.cz\/de\/wp-json\/wp\/v2\/media?parent=6842"}],"curies":[{"name":"wp","href":"https:\/\/api.w.org\/{rel}","templated":true}]}}